
{"id":82697,"date":"2026-04-22T13:56:33","date_gmt":"2026-04-22T13:56:33","guid":{"rendered":"https:\/\/elicromcolombia.com\/?post_type=product&#038;p=82697"},"modified":"2026-04-22T13:56:33","modified_gmt":"2026-04-22T13:56:33","slug":"62829-datalogger-de-temperatura-y-humedad-con-sonda-externa","status":"publish","type":"product","link":"https:\/\/elicromcolombia.com\/?product=62829-datalogger-de-temperatura-y-humedad-con-sonda-externa","title":{"rendered":"Datalogger de temperatura y humedad con sonda externa"},"content":{"rendered":"<p>Es un datalogger de temperatura y humedad con conexi\u00f3n USB dise\u00f1ado para el monitoreo continuo de productos sensibles durante el transporte y almacenamiento, permite un control preciso y continuo de las condiciones ambientales, ayudando a garantizar la calidad y seguridad de productos sensibles.<\/p>\n<p>Especificaciones:<br \/>\n-Rango de medici\u00f3n de temperatura: -30\u00b0C ~ + 70\u00b0C<br \/>\n-Resoluci\u00f3n: 0.1 \u00b0 C<br \/>\n-Rango de medici\u00f3n de humedad: 10% RH ~ 90% RH<br \/>\n-Tipo de sensor: Sensores combinados de temperatura y humedad interna<br \/>\n-Intervalo de registro: 10 segundos ~ 24 horas (10 minutos de forma predeterminada)<br \/>\n-Modo de inicio: bot\u00f3n o software<br \/>\n-Bater\u00eda: CR2450 3.0V bater\u00eda de litio de un solo uso<br \/>\n-Grado de protecci\u00f3n: IP65<br \/>\n-Dimensiones: 115.5mmx47mmx16.2mm (LxWxH)<\/p>\n<p>Caracter\u00edsticas:<br \/>\n-Memoria interna de hasta 32,000 lecturas<br \/>\n-Monitoreo simult\u00e1neo de temperatura y humedad.<br \/>\n-Tipo de alarma: Simple \/ Acumulativa<br \/>\n-Sensor de alta precisi\u00f3n con registro confiable de datos.<br \/>\n-Conexi\u00f3n USB directa para descarga r\u00e1pida de informaci\u00f3n.<br \/>\n-Generaci\u00f3n autom\u00e1tica de reportes en PDF y Excel.<br \/>\n-Pantalla LCD multifunci\u00f3n con visualizaci\u00f3n en tiempo real.<br \/>\n-Alarmas configurables para temperatura y humedad.<br \/>\n-Protecci\u00f3n IP65 para ambientes exigentes.<br \/>\n-Compatible con software ElitechLog.<br \/>\n-Peso: 70g<\/p>\n","protected":false},"excerpt":{"rendered":"<p>Es un datalogger de temperatura y humedad con conexi\u00f3n USB dise\u00f1ado para el monitoreo continuo de productos sensibles durante el transporte y almacenamiento, permite un control preciso y continuo de<\/p>\n","protected":false},"featured_media":82698,"comment_status":"open","ping_status":"closed","template":"","meta":{"om_disable_all_campaigns":false,"_monsterinsights_skip_tracking":false,"_monsterinsights_sitenote_active":false,"_monsterinsights_sitenote_note":"","_monsterinsights_sitenote_category":0},"product_brand":[],"product_cat":[],"product_tag":[],"class_list":{"0":"post-82697","1":"product","2":"type-product","3":"status-publish","4":"has-post-thumbnail","7":"first","8":"outofstock","9":"taxable","10":"shipping-taxable","11":"purchasable","12":"product-type-simple"},"aioseo_notices":[],"_links":{"self":[{"href":"https:\/\/elicromcolombia.com\/index.php?rest_route=\/wp\/v2\/product\/82697","targetHints":{"allow":["GET"]}}],"collection":[{"href":"https:\/\/elicromcolombia.com\/index.php?rest_route=\/wp\/v2\/product"}],"about":[{"href":"https:\/\/elicromcolombia.com\/index.php?rest_route=\/wp\/v2\/types\/product"}],"replies":[{"embeddable":true,"href":"https:\/\/elicromcolombia.com\/index.php?rest_route=%2Fwp%2Fv2%2Fcomments&post=82697"}],"wp:featuredmedia":[{"embeddable":true,"href":"https:\/\/elicromcolombia.com\/index.php?rest_route=\/wp\/v2\/media\/82698"}],"wp:attachment":[{"href":"https:\/\/elicromcolombia.com\/index.php?rest_route=%2Fwp%2Fv2%2Fmedia&parent=82697"}],"wp:term":[{"taxonomy":"product_brand","embeddable":true,"href":"https:\/\/elicromcolombia.com\/index.php?rest_route=%2Fwp%2Fv2%2Fproduct_brand&post=82697"},{"taxonomy":"product_cat","embeddable":true,"href":"https:\/\/elicromcolombia.com\/index.php?rest_route=%2Fwp%2Fv2%2Fproduct_cat&post=82697"},{"taxonomy":"product_tag","embeddable":true,"href":"https:\/\/elicromcolombia.com\/index.php?rest_route=%2Fwp%2Fv2%2Fproduct_tag&post=82697"}],"curies":[{"name":"wp","href":"https:\/\/api.w.org\/{rel}","templated":true}]}}