
{"id":82382,"date":"2026-03-16T12:16:29","date_gmt":"2026-03-16T12:16:29","guid":{"rendered":"https:\/\/elicromcolombia.com\/?post_type=product&#038;p=82382"},"modified":"2026-03-16T12:16:29","modified_gmt":"2026-03-16T12:16:29","slug":"46219","status":"publish","type":"product","link":"https:\/\/elicromcolombia.com\/?product=46219","title":{"rendered":"Pesa 100 mg Clase F1 de acero inoxidable"},"content":{"rendered":"<p>Especificaciones:<\/p>\n<p>-Clase: F1<br \/>\n-Capacidad: 100 mg<br \/>\n-Material: Acero Inoxidable No Magn\u00e9tico<br \/>\n-Acabado: Pulido De Espejo<br \/>\n-Instrucci\u00f3n: S\u00f3lido<br \/>\n-Forma: hoja plana<br \/>\n-Paquete: Caja De Pl\u00e1stico<\/p>\n","protected":false},"excerpt":{"rendered":"<p>Especificaciones: -Clase: F1 -Capacidad: 100 mg -Material: Acero Inoxidable No Magn\u00e9tico -Acabado: Pulido De Espejo -Instrucci\u00f3n: S\u00f3lido -Forma: hoja plana -Paquete: Caja De Pl\u00e1stico<\/p>\n","protected":false},"featured_media":82383,"comment_status":"open","ping_status":"closed","template":"","meta":[],"product_brand":[],"product_cat":[],"product_tag":[],"class_list":{"0":"post-82382","1":"product","2":"type-product","3":"status-publish","4":"has-post-thumbnail","7":"first","8":"outofstock","9":"taxable","10":"shipping-taxable","11":"purchasable","12":"product-type-simple"},"_links":{"self":[{"href":"https:\/\/elicromcolombia.com\/index.php?rest_route=\/wp\/v2\/product\/82382","targetHints":{"allow":["GET"]}}],"collection":[{"href":"https:\/\/elicromcolombia.com\/index.php?rest_route=\/wp\/v2\/product"}],"about":[{"href":"https:\/\/elicromcolombia.com\/index.php?rest_route=\/wp\/v2\/types\/product"}],"replies":[{"embeddable":true,"href":"https:\/\/elicromcolombia.com\/index.php?rest_route=%2Fwp%2Fv2%2Fcomments&post=82382"}],"wp:featuredmedia":[{"embeddable":true,"href":"https:\/\/elicromcolombia.com\/index.php?rest_route=\/wp\/v2\/media\/82383"}],"wp:attachment":[{"href":"https:\/\/elicromcolombia.com\/index.php?rest_route=%2Fwp%2Fv2%2Fmedia&parent=82382"}],"wp:term":[{"taxonomy":"product_brand","embeddable":true,"href":"https:\/\/elicromcolombia.com\/index.php?rest_route=%2Fwp%2Fv2%2Fproduct_brand&post=82382"},{"taxonomy":"product_cat","embeddable":true,"href":"https:\/\/elicromcolombia.com\/index.php?rest_route=%2Fwp%2Fv2%2Fproduct_cat&post=82382"},{"taxonomy":"product_tag","embeddable":true,"href":"https:\/\/elicromcolombia.com\/index.php?rest_route=%2Fwp%2Fv2%2Fproduct_tag&post=82382"}],"curies":[{"name":"wp","href":"https:\/\/api.w.org\/{rel}","templated":true}]}}