
{"id":82331,"date":"2026-03-16T09:25:19","date_gmt":"2026-03-16T09:25:19","guid":{"rendered":"https:\/\/elicromcolombia.com\/?post_type=product&#038;p=82331"},"modified":"2026-03-16T09:25:19","modified_gmt":"2026-03-16T09:25:19","slug":"46200","status":"publish","type":"product","link":"https:\/\/elicromcolombia.com\/?product=46200","title":{"rendered":"Pesa 2 g Clase E2 de acero inoxidable"},"content":{"rendered":"<p>Incluye Certificado Acreditado ISO 17025, calibrado en su valor nominal, declaraci\u00f3n de conformidad conforme a OIML R111, evaluada con regla de decisi\u00f3n documentada que considera la incertidumbre, garantizando confiabilidad en auditorias y procesos cr\u00edticos <\/p>\n<p>Especificaciones:<br \/>\nClase: E2<br \/>\nCapacidad: 2 g<br \/>\nMaterial: Acero Inoxidable No Magn\u00e9tico<br \/>\nAcabado: Pulido De Espejo<br \/>\nInstrucci\u00f3n: S\u00f3lido<br \/>\nForma: Peso de la perilla<br \/>\nPaquete: Caja De Pl\u00e1stico<\/p>\n","protected":false},"excerpt":{"rendered":"<p>Incluye Certificado Acreditado ISO 17025, calibrado en su valor nominal, declaraci\u00f3n de conformidad conforme a OIML R111, evaluada con regla de decisi\u00f3n documentada que considera la incertidumbre, garantizando confiabilidad en<\/p>\n","protected":false},"featured_media":82332,"comment_status":"open","ping_status":"closed","template":"","meta":[],"product_brand":[],"product_cat":[],"product_tag":[],"class_list":{"0":"post-82331","1":"product","2":"type-product","3":"status-publish","4":"has-post-thumbnail","7":"first","8":"outofstock","9":"taxable","10":"shipping-taxable","11":"purchasable","12":"product-type-simple"},"_links":{"self":[{"href":"https:\/\/elicromcolombia.com\/index.php?rest_route=\/wp\/v2\/product\/82331","targetHints":{"allow":["GET"]}}],"collection":[{"href":"https:\/\/elicromcolombia.com\/index.php?rest_route=\/wp\/v2\/product"}],"about":[{"href":"https:\/\/elicromcolombia.com\/index.php?rest_route=\/wp\/v2\/types\/product"}],"replies":[{"embeddable":true,"href":"https:\/\/elicromcolombia.com\/index.php?rest_route=%2Fwp%2Fv2%2Fcomments&post=82331"}],"wp:featuredmedia":[{"embeddable":true,"href":"https:\/\/elicromcolombia.com\/index.php?rest_route=\/wp\/v2\/media\/82332"}],"wp:attachment":[{"href":"https:\/\/elicromcolombia.com\/index.php?rest_route=%2Fwp%2Fv2%2Fmedia&parent=82331"}],"wp:term":[{"taxonomy":"product_brand","embeddable":true,"href":"https:\/\/elicromcolombia.com\/index.php?rest_route=%2Fwp%2Fv2%2Fproduct_brand&post=82331"},{"taxonomy":"product_cat","embeddable":true,"href":"https:\/\/elicromcolombia.com\/index.php?rest_route=%2Fwp%2Fv2%2Fproduct_cat&post=82331"},{"taxonomy":"product_tag","embeddable":true,"href":"https:\/\/elicromcolombia.com\/index.php?rest_route=%2Fwp%2Fv2%2Fproduct_tag&post=82331"}],"curies":[{"name":"wp","href":"https:\/\/api.w.org\/{rel}","templated":true}]}}