
{"id":82314,"date":"2026-03-13T15:42:44","date_gmt":"2026-03-13T15:42:44","guid":{"rendered":"https:\/\/elicromcolombia.com\/?post_type=product&#038;p=82314"},"modified":"2026-03-13T15:42:44","modified_gmt":"2026-03-13T15:42:44","slug":"46205","status":"publish","type":"product","link":"https:\/\/elicromcolombia.com\/?product=46205","title":{"rendered":"Pesa 50 g Clase E2 de acero inoxidable"},"content":{"rendered":"<p>Especificaciones: <\/p>\n<p>-Clase E2<br \/>\n-Pesa 50 g<br \/>\n-Material: acero inoxidable con caja de pl\u00e1stico<br \/>\n-Acabado: Pulido De Espejo<br \/>\n-Instrucci\u00f3n: S\u00f3lido<br \/>\n-Forma: Peso de la perilla<br \/>\n-Paquete: Caja De Pl\u00e1stico<\/p>\n","protected":false},"excerpt":{"rendered":"<p>Especificaciones: -Clase E2 -Pesa 50 g -Material: acero inoxidable con caja de pl\u00e1stico -Acabado: Pulido De Espejo -Instrucci\u00f3n: S\u00f3lido -Forma: Peso de la perilla -Paquete: Caja De Pl\u00e1stico<\/p>\n","protected":false},"featured_media":82315,"comment_status":"open","ping_status":"closed","template":"","meta":[],"product_brand":[],"product_cat":[],"product_tag":[],"class_list":{"0":"post-82314","1":"product","2":"type-product","3":"status-publish","4":"has-post-thumbnail","7":"first","8":"outofstock","9":"taxable","10":"shipping-taxable","11":"purchasable","12":"product-type-simple"},"_links":{"self":[{"href":"https:\/\/elicromcolombia.com\/index.php?rest_route=\/wp\/v2\/product\/82314","targetHints":{"allow":["GET"]}}],"collection":[{"href":"https:\/\/elicromcolombia.com\/index.php?rest_route=\/wp\/v2\/product"}],"about":[{"href":"https:\/\/elicromcolombia.com\/index.php?rest_route=\/wp\/v2\/types\/product"}],"replies":[{"embeddable":true,"href":"https:\/\/elicromcolombia.com\/index.php?rest_route=%2Fwp%2Fv2%2Fcomments&post=82314"}],"wp:featuredmedia":[{"embeddable":true,"href":"https:\/\/elicromcolombia.com\/index.php?rest_route=\/wp\/v2\/media\/82315"}],"wp:attachment":[{"href":"https:\/\/elicromcolombia.com\/index.php?rest_route=%2Fwp%2Fv2%2Fmedia&parent=82314"}],"wp:term":[{"taxonomy":"product_brand","embeddable":true,"href":"https:\/\/elicromcolombia.com\/index.php?rest_route=%2Fwp%2Fv2%2Fproduct_brand&post=82314"},{"taxonomy":"product_cat","embeddable":true,"href":"https:\/\/elicromcolombia.com\/index.php?rest_route=%2Fwp%2Fv2%2Fproduct_cat&post=82314"},{"taxonomy":"product_tag","embeddable":true,"href":"https:\/\/elicromcolombia.com\/index.php?rest_route=%2Fwp%2Fv2%2Fproduct_tag&post=82314"}],"curies":[{"name":"wp","href":"https:\/\/api.w.org\/{rel}","templated":true}]}}