
{"id":81370,"date":"2026-01-29T16:57:49","date_gmt":"2026-01-29T16:57:49","guid":{"rendered":"https:\/\/elicromcolombia.com\/?post_type=product&#038;p=81370"},"modified":"2026-01-29T16:57:49","modified_gmt":"2026-01-29T16:57:49","slug":"21786","status":"publish","type":"product","link":"https:\/\/elicromcolombia.com\/?product=21786","title":{"rendered":"Datalogger de temperatura y humedad con sonda externa"},"content":{"rendered":"<p>Especificaciones:<\/p>\n<p>-Rango de temperatura:  -30\u00b0C a 60\u00b0C (sensor interno)  -40\u00b0C a 85\u00b0C (sensor externo opcional)<br \/>\n-Software: ElitechLog Win o Mac (\u00faltima versi\u00f3n)<br \/>\n-La generaci\u00f3n del informe: Informe en PDF y Excel por el software Elitech<br \/>\n-Rango de humedad: 10% -99%<br \/>\n-Interfaz de conexi\u00f3n: Mini USB<br \/>\n-Exactitud:<br \/>\n\u00b1 0.5 (-20\u00b0C \/ + 40\u00b0C); \u00b1 1.0 (otro rango)<br \/>\n\u00b1 3% RH (20\u00b0C, 20% RH a 90% RH), \u00b1 5% RH (otro rango)<br \/>\n-Capacidad de almacenamiento de datos: 16,000 lecturas<br \/>\n-Resoluci\u00f3n de la temperatura: 0.1\u00b0C, 0.1% HR<br \/>\n-Vida \u00fatil \/ bater\u00eda: 1 a\u00f1o \/ pila de bot\u00f3n CR2450<br \/>\n-Configuraci\u00f3n de alarma: Opcional, solo 2 puntos<br \/>\n-Intervalo de grabaci\u00f3n: 10S, 1 minuto o 1 d\u00eda<br \/>\n-Reprogramable: Con software gratuito Elitech Win o MAC<br \/>\n-Modo de parada: Bot\u00f3n, software o detener cuando esta lleno<br \/>\n-Garant\u00eda: 1 a\u00f1o por defecto de fabrica <\/p>\n","protected":false},"excerpt":{"rendered":"<p>Especificaciones: -Rango de temperatura: -30\u00b0C a 60\u00b0C (sensor interno) -40\u00b0C a 85\u00b0C (sensor externo opcional) -Software: ElitechLog Win o Mac (\u00faltima versi\u00f3n) -La generaci\u00f3n del informe: Informe en PDF y<\/p>\n","protected":false},"featured_media":81371,"comment_status":"open","ping_status":"closed","template":"","meta":[],"product_brand":[],"product_cat":[],"product_tag":[],"class_list":{"0":"post-81370","1":"product","2":"type-product","3":"status-publish","4":"has-post-thumbnail","7":"first","8":"instock","9":"taxable","10":"shipping-taxable","11":"purchasable","12":"product-type-simple"},"_links":{"self":[{"href":"https:\/\/elicromcolombia.com\/index.php?rest_route=\/wp\/v2\/product\/81370","targetHints":{"allow":["GET"]}}],"collection":[{"href":"https:\/\/elicromcolombia.com\/index.php?rest_route=\/wp\/v2\/product"}],"about":[{"href":"https:\/\/elicromcolombia.com\/index.php?rest_route=\/wp\/v2\/types\/product"}],"replies":[{"embeddable":true,"href":"https:\/\/elicromcolombia.com\/index.php?rest_route=%2Fwp%2Fv2%2Fcomments&post=81370"}],"wp:featuredmedia":[{"embeddable":true,"href":"https:\/\/elicromcolombia.com\/index.php?rest_route=\/wp\/v2\/media\/81371"}],"wp:attachment":[{"href":"https:\/\/elicromcolombia.com\/index.php?rest_route=%2Fwp%2Fv2%2Fmedia&parent=81370"}],"wp:term":[{"taxonomy":"product_brand","embeddable":true,"href":"https:\/\/elicromcolombia.com\/index.php?rest_route=%2Fwp%2Fv2%2Fproduct_brand&post=81370"},{"taxonomy":"product_cat","embeddable":true,"href":"https:\/\/elicromcolombia.com\/index.php?rest_route=%2Fwp%2Fv2%2Fproduct_cat&post=81370"},{"taxonomy":"product_tag","embeddable":true,"href":"https:\/\/elicromcolombia.com\/index.php?rest_route=%2Fwp%2Fv2%2Fproduct_tag&post=81370"}],"curies":[{"name":"wp","href":"https:\/\/api.w.org\/{rel}","templated":true}]}}