
{"id":81367,"date":"2026-01-29T16:57:46","date_gmt":"2026-01-29T16:57:46","guid":{"rendered":"https:\/\/elicromcolombia.com\/?post_type=product&#038;p=81367"},"modified":"2026-01-29T16:57:46","modified_gmt":"2026-01-29T16:57:46","slug":"26522","status":"publish","type":"product","link":"https:\/\/elicromcolombia.com\/?product=26522","title":{"rendered":"Cron\u00f3metro digital PS532"},"content":{"rendered":"<p>Especificaciones: <\/p>\n<p>&#8211; Cron\u00f3metro<br \/>\nM\u00e1ximo 9 horas, 59 minutos y 59 segundos, unidad de medida m\u00ednima 1\/100 de segundo<\/p>\n<p>&#8211; Temporizador<br \/>\nEl tiempo m\u00e1ximo de cuenta regresiva es de 99 horas, 59 minutos y 59 segundos. Al llegar a cero, la cuenta regresiva aumenta hasta 99 horas, 59 minutos y 59 segundos.<\/p>\n<p>&#8211; Control de velocidad por pasos<br \/>\n(Contador de frecuencia\/Metr\u00f3nomo)<br \/>\nSiete frecuencias de pulsaci\u00f3n disponibles: 240 pulsaciones\/min, 80 pulsaciones\/min, 70 pulsaciones\/min y 60 pulsaciones\/min<\/p>\n<p>&#8211; Reloj<br \/>\nCalendario (a\u00f1o, mes, d\u00eda, semana, hora, minutos, segundos) con conversi\u00f3n a formato de 12\/24 horas y hora precisa (2 pitidos)<\/p>\n<p>&#8211; Funci\u00f3n de alarma<br \/>\nSe puede configurar la hora de la alarma; la alarma puede sonar al ritmo de la m\u00fasica, a 2 pulsaciones\/segundo o con reverberaci\u00f3n de 30 segundos.<\/p>\n","protected":false},"excerpt":{"rendered":"<p>Especificaciones: &#8211; Cron\u00f3metro M\u00e1ximo 9 horas, 59 minutos y 59 segundos, unidad de medida m\u00ednima 1\/100 de segundo &#8211; Temporizador El tiempo m\u00e1ximo de cuenta regresiva es de 99 horas,<\/p>\n","protected":false},"featured_media":82500,"comment_status":"open","ping_status":"closed","template":"","meta":[],"product_brand":[],"product_cat":[2355,2350],"product_tag":[],"class_list":{"0":"post-81367","1":"product","2":"type-product","3":"status-publish","4":"has-post-thumbnail","6":"product_cat-cronmetros","7":"product_cat-productos7-iso-17025","9":"first","10":"instock","11":"taxable","12":"shipping-taxable","13":"purchasable","14":"product-type-simple"},"_links":{"self":[{"href":"https:\/\/elicromcolombia.com\/index.php?rest_route=\/wp\/v2\/product\/81367","targetHints":{"allow":["GET"]}}],"collection":[{"href":"https:\/\/elicromcolombia.com\/index.php?rest_route=\/wp\/v2\/product"}],"about":[{"href":"https:\/\/elicromcolombia.com\/index.php?rest_route=\/wp\/v2\/types\/product"}],"replies":[{"embeddable":true,"href":"https:\/\/elicromcolombia.com\/index.php?rest_route=%2Fwp%2Fv2%2Fcomments&post=81367"}],"wp:featuredmedia":[{"embeddable":true,"href":"https:\/\/elicromcolombia.com\/index.php?rest_route=\/wp\/v2\/media\/82500"}],"wp:attachment":[{"href":"https:\/\/elicromcolombia.com\/index.php?rest_route=%2Fwp%2Fv2%2Fmedia&parent=81367"}],"wp:term":[{"taxonomy":"product_brand","embeddable":true,"href":"https:\/\/elicromcolombia.com\/index.php?rest_route=%2Fwp%2Fv2%2Fproduct_brand&post=81367"},{"taxonomy":"product_cat","embeddable":true,"href":"https:\/\/elicromcolombia.com\/index.php?rest_route=%2Fwp%2Fv2%2Fproduct_cat&post=81367"},{"taxonomy":"product_tag","embeddable":true,"href":"https:\/\/elicromcolombia.com\/index.php?rest_route=%2Fwp%2Fv2%2Fproduct_tag&post=81367"}],"curies":[{"name":"wp","href":"https:\/\/api.w.org\/{rel}","templated":true}]}}