
{"id":81099,"date":"2026-01-29T16:52:46","date_gmt":"2026-01-29T16:52:46","guid":{"rendered":"https:\/\/elicromcolombia.com\/?post_type=product&#038;p=81099"},"modified":"2026-01-29T16:52:46","modified_gmt":"2026-01-29T16:52:46","slug":"49022-termometro-portatil-digital-de-lectura-instantanea","status":"publish","type":"product","link":"https:\/\/elicromcolombia.com\/?product=49022-termometro-portatil-digital-de-lectura-instantanea","title":{"rendered":"Term\u00f3metro port\u00e1til digital de lectura instant\u00e1nea"},"content":{"rendered":"<p>Descripci\u00f3n:<br \/>\n-Rango de medici\u00f3n: -50 \u2103~300 \u2103<br \/>\n-Resoluci\u00f3n: 0,1 \u2103<br \/>\n-Exactitud: 1 \u2103<br \/>\n-Vaina protectora de punta<br \/>\n-Longitud de la sonda: 100 mm<\/p>\n","protected":false},"excerpt":{"rendered":"<p>Descripci\u00f3n: -Rango de medici\u00f3n: -50 \u2103~300 \u2103 -Resoluci\u00f3n: 0,1 \u2103 -Exactitud: 1 \u2103 -Vaina protectora de punta -Longitud de la sonda: 100 mm<\/p>\n","protected":false},"featured_media":81100,"comment_status":"open","ping_status":"closed","template":"","meta":{"om_disable_all_campaigns":false,"_monsterinsights_skip_tracking":false,"_monsterinsights_sitenote_active":false,"_monsterinsights_sitenote_note":"","_monsterinsights_sitenote_category":0},"product_brand":[],"product_cat":[],"product_tag":[],"class_list":{"0":"post-81099","1":"product","2":"type-product","3":"status-publish","4":"has-post-thumbnail","7":"first","8":"instock","9":"taxable","10":"shipping-taxable","11":"product-type-simple"},"aioseo_notices":[],"_links":{"self":[{"href":"https:\/\/elicromcolombia.com\/index.php?rest_route=\/wp\/v2\/product\/81099","targetHints":{"allow":["GET"]}}],"collection":[{"href":"https:\/\/elicromcolombia.com\/index.php?rest_route=\/wp\/v2\/product"}],"about":[{"href":"https:\/\/elicromcolombia.com\/index.php?rest_route=\/wp\/v2\/types\/product"}],"replies":[{"embeddable":true,"href":"https:\/\/elicromcolombia.com\/index.php?rest_route=%2Fwp%2Fv2%2Fcomments&post=81099"}],"wp:featuredmedia":[{"embeddable":true,"href":"https:\/\/elicromcolombia.com\/index.php?rest_route=\/wp\/v2\/media\/81100"}],"wp:attachment":[{"href":"https:\/\/elicromcolombia.com\/index.php?rest_route=%2Fwp%2Fv2%2Fmedia&parent=81099"}],"wp:term":[{"taxonomy":"product_brand","embeddable":true,"href":"https:\/\/elicromcolombia.com\/index.php?rest_route=%2Fwp%2Fv2%2Fproduct_brand&post=81099"},{"taxonomy":"product_cat","embeddable":true,"href":"https:\/\/elicromcolombia.com\/index.php?rest_route=%2Fwp%2Fv2%2Fproduct_cat&post=81099"},{"taxonomy":"product_tag","embeddable":true,"href":"https:\/\/elicromcolombia.com\/index.php?rest_route=%2Fwp%2Fv2%2Fproduct_tag&post=81099"}],"curies":[{"name":"wp","href":"https:\/\/api.w.org\/{rel}","templated":true}]}}