
{"id":81047,"date":"2026-01-29T16:51:41","date_gmt":"2026-01-29T16:51:41","guid":{"rendered":"https:\/\/elicromcolombia.com\/?post_type=product&#038;p=81047"},"modified":"2026-01-29T16:51:41","modified_gmt":"2026-01-29T16:51:41","slug":"12475","status":"publish","type":"product","link":"https:\/\/elicromcolombia.com\/?product=12475","title":{"rendered":"Termohigr\u00f3metro con sonda externa"},"content":{"rendered":"<p>El TH-0510 mide temperatura y humedad relativa del aire, mide tambi\u00e9n la temperatura y humedad de ambientes controlados (Laboratorios), apto para uso en laboratorios de control de calidad que deseen acreditarse ISO 17025 o certificar alguna norma de gesti\u00f3n de calidad, seguridad o ambiente.<\/p>\n<p>Funci\u00f3n:<br \/>\nMedici\u00f3n de temperatura interior \/ exterior \u00b0F \/ \u00b0C seleccionable, recuperaci\u00f3n de memoria Max \/ Min, recuperaci\u00f3n de memoria de humedad Max \/ M\u00edn, \u00edndice c\u00f3modo e inc\u00f3modo .<\/p>\n<p>Caracter\u00edsticas:<br \/>\n-Pantalla doble<br \/>\n-Medici\u00f3n de temperatura interior\/exterior, humedad<br \/>\n-\u00cdndice c\u00f3modo e inc\u00f3modo (confort\/c\u00e1lido\/fr\u00edo)<br \/>\n-Unidad de temperatura (\u00b0f \/\u00b0c) seleccionable<br \/>\n-Recuperaci\u00f3n de memoria de temperatura y humedad m\u00e1ximas\/ m\u00ednimas (\u00b0f \/\u00b0c)<br \/>\n-Cable sensor 3 m con sonda para mediciones exteriores<br \/>\n-Soporte abatible en la parte posterior de la unidad<\/p>\n<p>Especificaci\u00f3n:<br \/>\n-Rango de medici\u00f3n (Sensor externo): -50\u00b0C ~ +70\u00b0C ~ 58\u00b0F ~ +158\u00b0F<br \/>\n-Rango de medici\u00f3n (Sensor interno):  0\u00b0C ~ + 50 \u00b0C ~ +32\u00b0F ~ +122\u00b0F<br \/>\n-Rango de humedad:  20% R.H ~ 99.9% R.H<br \/>\n-Resoluci\u00f3n: 0,1\u00b0 para todo el rango \/ 0,1% R.H. para todo el rango<br \/>\n-Exactitud en temperatura: \u00b11.0\u00b0C o \u00b11.8\u00b0F en todo el rango (Sensor externo, Sensor interno)<br \/>\n-Exactitud humedad relativa: \u00b15% R.H<br \/>\n-Temperatura ambiente para caja de pl\u00e1stico: 0\u00b0C ~ +50\u00b0C o +32\u00b0F ~ +122\u00b0F<br \/>\n-Bater\u00eda: 2 X 1.5V tama\u00f1o &#8220;AAA&#8221; o equivalente<\/p>\n","protected":false},"excerpt":{"rendered":"<p>El TH-0510 mide temperatura y humedad relativa del aire, mide tambi\u00e9n la temperatura y humedad de ambientes controlados (Laboratorios), apto para uso en laboratorios de control de calidad que deseen<\/p>\n","protected":false},"featured_media":81048,"comment_status":"open","ping_status":"closed","template":"","meta":[],"product_brand":[],"product_cat":[],"product_tag":[],"class_list":{"0":"post-81047","1":"product","2":"type-product","3":"status-publish","4":"has-post-thumbnail","7":"first","8":"instock","9":"taxable","10":"shipping-taxable","11":"purchasable","12":"product-type-simple"},"_links":{"self":[{"href":"https:\/\/elicromcolombia.com\/index.php?rest_route=\/wp\/v2\/product\/81047","targetHints":{"allow":["GET"]}}],"collection":[{"href":"https:\/\/elicromcolombia.com\/index.php?rest_route=\/wp\/v2\/product"}],"about":[{"href":"https:\/\/elicromcolombia.com\/index.php?rest_route=\/wp\/v2\/types\/product"}],"replies":[{"embeddable":true,"href":"https:\/\/elicromcolombia.com\/index.php?rest_route=%2Fwp%2Fv2%2Fcomments&post=81047"}],"wp:featuredmedia":[{"embeddable":true,"href":"https:\/\/elicromcolombia.com\/index.php?rest_route=\/wp\/v2\/media\/81048"}],"wp:attachment":[{"href":"https:\/\/elicromcolombia.com\/index.php?rest_route=%2Fwp%2Fv2%2Fmedia&parent=81047"}],"wp:term":[{"taxonomy":"product_brand","embeddable":true,"href":"https:\/\/elicromcolombia.com\/index.php?rest_route=%2Fwp%2Fv2%2Fproduct_brand&post=81047"},{"taxonomy":"product_cat","embeddable":true,"href":"https:\/\/elicromcolombia.com\/index.php?rest_route=%2Fwp%2Fv2%2Fproduct_cat&post=81047"},{"taxonomy":"product_tag","embeddable":true,"href":"https:\/\/elicromcolombia.com\/index.php?rest_route=%2Fwp%2Fv2%2Fproduct_tag&post=81047"}],"curies":[{"name":"wp","href":"https:\/\/api.w.org\/{rel}","templated":true}]}}