
{"id":81045,"date":"2026-01-29T16:51:38","date_gmt":"2026-01-29T16:51:38","guid":{"rendered":"https:\/\/elicromcolombia.com\/?post_type=product&#038;p=81045"},"modified":"2026-01-29T16:51:38","modified_gmt":"2026-01-29T16:51:38","slug":"54498","status":"publish","type":"product","link":"https:\/\/elicromcolombia.com\/?product=54498","title":{"rendered":"Termohigr\u00f3metro digital para interiores y monitor de humedad"},"content":{"rendered":"<p>Especificaciones:<\/p>\n<p>-Modelo: TP50<br \/>\n-Tipo de term\u00f3metro: Digital<br \/>\n-Uso del term\u00f3metro: Term\u00f3metros de ba\u00f1o<br \/>\n-Rango de temperatura: -58 \u00b0F a 158 \u00b0F (-50 \u00b0C a 70 \u00b0C)<br \/>\n-Precisi\u00f3n de la temperatura: \u00b11.8 \u00b0F\/\u00b11 \u00b0C<br \/>\n-Rango de humedad: 10% ~ 99% HR<br \/>\n-Precisi\u00f3n de la humedad: \u00b12~3%HR<br \/>\n-Bater\u00eda: 1 pila AAA<br \/>\n-Dimensiones del producto: 0,84&#8243;an. x 2,62&#8243;al. pulgadas<br \/>\n-Tipo de montaje: Montaje en mesa<\/p>\n<p>-No incluye sonda<\/p>\n","protected":false},"excerpt":{"rendered":"<p>Especificaciones: -Modelo: TP50 -Tipo de term\u00f3metro: Digital -Uso del term\u00f3metro: Term\u00f3metros de ba\u00f1o -Rango de temperatura: -58 \u00b0F a 158 \u00b0F (-50 \u00b0C a 70 \u00b0C) -Precisi\u00f3n de la temperatura:<\/p>\n","protected":false},"featured_media":82474,"comment_status":"open","ping_status":"closed","template":"","meta":[],"product_brand":[],"product_cat":[],"product_tag":[],"class_list":{"0":"post-81045","1":"product","2":"type-product","3":"status-publish","4":"has-post-thumbnail","7":"first","8":"instock","9":"taxable","10":"shipping-taxable","11":"purchasable","12":"product-type-simple"},"_links":{"self":[{"href":"https:\/\/elicromcolombia.com\/index.php?rest_route=\/wp\/v2\/product\/81045","targetHints":{"allow":["GET"]}}],"collection":[{"href":"https:\/\/elicromcolombia.com\/index.php?rest_route=\/wp\/v2\/product"}],"about":[{"href":"https:\/\/elicromcolombia.com\/index.php?rest_route=\/wp\/v2\/types\/product"}],"replies":[{"embeddable":true,"href":"https:\/\/elicromcolombia.com\/index.php?rest_route=%2Fwp%2Fv2%2Fcomments&post=81045"}],"wp:featuredmedia":[{"embeddable":true,"href":"https:\/\/elicromcolombia.com\/index.php?rest_route=\/wp\/v2\/media\/82474"}],"wp:attachment":[{"href":"https:\/\/elicromcolombia.com\/index.php?rest_route=%2Fwp%2Fv2%2Fmedia&parent=81045"}],"wp:term":[{"taxonomy":"product_brand","embeddable":true,"href":"https:\/\/elicromcolombia.com\/index.php?rest_route=%2Fwp%2Fv2%2Fproduct_brand&post=81045"},{"taxonomy":"product_cat","embeddable":true,"href":"https:\/\/elicromcolombia.com\/index.php?rest_route=%2Fwp%2Fv2%2Fproduct_cat&post=81045"},{"taxonomy":"product_tag","embeddable":true,"href":"https:\/\/elicromcolombia.com\/index.php?rest_route=%2Fwp%2Fv2%2Fproduct_tag&post=81045"}],"curies":[{"name":"wp","href":"https:\/\/api.w.org\/{rel}","templated":true}]}}