
{"id":81039,"date":"2026-01-29T16:51:31","date_gmt":"2026-01-29T16:51:31","guid":{"rendered":"https:\/\/elicromcolombia.com\/?post_type=product&#038;p=81039"},"modified":"2026-03-27T14:23:52","modified_gmt":"2026-03-27T19:23:52","slug":"54072","status":"publish","type":"product","link":"https:\/\/elicromcolombia.com\/?product=54072","title":{"rendered":"Termohigr\u00f3metro digital TH0513"},"content":{"rendered":"<p>Especificaciones<\/p>\n<p>-Rango de medici\u00f3n: Temperatura -20 \u00b0C ~ + 50 \u00b0C (-4 \u00b0F ~ 122 \u00b0F), humedad 10% ~ 90%.<br \/>\n-Precisi\u00f3n: Temperatura +\/- 1 \u00b0C (2 \u00b0F) entre 0 \u00b0C y 50 \u00b0C, de lo contrario, +\/-2 \u00b0C (4 \u00b0F), humedad +\/-5% entre 30 ~ 70%, de lo contrario, +\/-8%.<br \/>\n-Consumo de energ\u00eda: 1 x 1,5V AAA.<\/p>\n<p>Term\u00f3metro e higr\u00f3metro<br \/>\n-Ajuste de la unidad de temperatura:<br \/>\n-Presione el bot\u00f3n \u00b0C\/\u00b0F para cambiar entre \u00b0C (Celsius) o \u00b0F (Fahrenheit) como unidad de temperatura.<br \/>\n-Si los valores de medici\u00f3n est\u00e1n por encima del rango, entonces la visualizaci\u00f3n de temperatura &#8220;HH. H&#8221;, indicador de<br \/>\nhumedad &#8220;HH%&#8221;.<br \/>\n-Si los valores de medici\u00f3n est\u00e1n por debajo del rango, entonces la temperatura muestra &#8220;LL.L&#8221;, la<br \/>\nhumedad muestra &#8220;LL%&#8221;.<\/p>\n","protected":false},"excerpt":{"rendered":"<p>Especificaciones -Rango de medici\u00f3n: Temperatura -20 \u00b0C ~ + 50 \u00b0C (-4 \u00b0F ~ 122 \u00b0F), humedad 10% ~ 90%. -Precisi\u00f3n: Temperatura +\/- 1 \u00b0C (2 \u00b0F) entre 0 \u00b0C<\/p>\n","protected":false},"featured_media":82473,"comment_status":"open","ping_status":"closed","template":"","meta":[],"product_brand":[],"product_cat":[],"product_tag":[],"class_list":{"0":"post-81039","1":"product","2":"type-product","3":"status-publish","4":"has-post-thumbnail","7":"first","8":"instock","9":"taxable","10":"shipping-taxable","11":"purchasable","12":"product-type-simple"},"_links":{"self":[{"href":"https:\/\/elicromcolombia.com\/index.php?rest_route=\/wp\/v2\/product\/81039","targetHints":{"allow":["GET"]}}],"collection":[{"href":"https:\/\/elicromcolombia.com\/index.php?rest_route=\/wp\/v2\/product"}],"about":[{"href":"https:\/\/elicromcolombia.com\/index.php?rest_route=\/wp\/v2\/types\/product"}],"replies":[{"embeddable":true,"href":"https:\/\/elicromcolombia.com\/index.php?rest_route=%2Fwp%2Fv2%2Fcomments&post=81039"}],"wp:featuredmedia":[{"embeddable":true,"href":"https:\/\/elicromcolombia.com\/index.php?rest_route=\/wp\/v2\/media\/82473"}],"wp:attachment":[{"href":"https:\/\/elicromcolombia.com\/index.php?rest_route=%2Fwp%2Fv2%2Fmedia&parent=81039"}],"wp:term":[{"taxonomy":"product_brand","embeddable":true,"href":"https:\/\/elicromcolombia.com\/index.php?rest_route=%2Fwp%2Fv2%2Fproduct_brand&post=81039"},{"taxonomy":"product_cat","embeddable":true,"href":"https:\/\/elicromcolombia.com\/index.php?rest_route=%2Fwp%2Fv2%2Fproduct_cat&post=81039"},{"taxonomy":"product_tag","embeddable":true,"href":"https:\/\/elicromcolombia.com\/index.php?rest_route=%2Fwp%2Fv2%2Fproduct_tag&post=81039"}],"curies":[{"name":"wp","href":"https:\/\/api.w.org\/{rel}","templated":true}]}}