
{"id":80887,"date":"2026-01-29T16:47:56","date_gmt":"2026-01-29T16:47:56","guid":{"rendered":"https:\/\/elicromcolombia.com\/?post_type=product&#038;p=80887"},"modified":"2026-01-29T16:47:56","modified_gmt":"2026-01-29T16:47:56","slug":"60800","status":"publish","type":"product","link":"https:\/\/elicromcolombia.com\/?product=60800","title":{"rendered":"Pipeta mec\u00e1nica Elicrom variable de 10 A 100uL"},"content":{"rendered":"<p>Pipetas de alta precisi\u00f3n y confiabilidad, dise\u00f1ada para cumplir con los est\u00e1ndares mas exigentes de laboratorios cl\u00ednicos, industriales y de investigaci\u00f3n.<\/p>\n<p>-Dise\u00f1o ergon\u00f3mico y ligero que reduce la fatiga durante usos prolongados.<br \/>\n-Construcci\u00f3n robusta con materiales resistentes a agentes qu\u00edmicos<br \/>\n-Sistema de calibraci\u00f3n sencillo, que facilita el mantenimiento y garantiza un rendimiento constante<br \/>\n-Compatibles con puntas universales, aportando versatilidad y optimizaci\u00f3n de costos<\/p>\n<p>Especificaciones:<br \/>\n-Marca: Elicrom<br \/>\n-Rango de volumen: 10 A 100uL<br \/>\n-Canales: 1<\/p>\n","protected":false},"excerpt":{"rendered":"<p>Pipetas de alta precisi\u00f3n y confiabilidad, dise\u00f1ada para cumplir con los est\u00e1ndares mas exigentes de laboratorios cl\u00ednicos, industriales y de investigaci\u00f3n. -Dise\u00f1o ergon\u00f3mico y ligero que reduce la fatiga durante<\/p>\n","protected":false},"featured_media":82517,"comment_status":"open","ping_status":"closed","template":"","meta":[],"product_brand":[],"product_cat":[],"product_tag":[],"class_list":{"0":"post-80887","1":"product","2":"type-product","3":"status-publish","4":"has-post-thumbnail","7":"first","8":"outofstock","9":"taxable","10":"shipping-taxable","11":"purchasable","12":"product-type-simple"},"_links":{"self":[{"href":"https:\/\/elicromcolombia.com\/index.php?rest_route=\/wp\/v2\/product\/80887","targetHints":{"allow":["GET"]}}],"collection":[{"href":"https:\/\/elicromcolombia.com\/index.php?rest_route=\/wp\/v2\/product"}],"about":[{"href":"https:\/\/elicromcolombia.com\/index.php?rest_route=\/wp\/v2\/types\/product"}],"replies":[{"embeddable":true,"href":"https:\/\/elicromcolombia.com\/index.php?rest_route=%2Fwp%2Fv2%2Fcomments&post=80887"}],"wp:featuredmedia":[{"embeddable":true,"href":"https:\/\/elicromcolombia.com\/index.php?rest_route=\/wp\/v2\/media\/82517"}],"wp:attachment":[{"href":"https:\/\/elicromcolombia.com\/index.php?rest_route=%2Fwp%2Fv2%2Fmedia&parent=80887"}],"wp:term":[{"taxonomy":"product_brand","embeddable":true,"href":"https:\/\/elicromcolombia.com\/index.php?rest_route=%2Fwp%2Fv2%2Fproduct_brand&post=80887"},{"taxonomy":"product_cat","embeddable":true,"href":"https:\/\/elicromcolombia.com\/index.php?rest_route=%2Fwp%2Fv2%2Fproduct_cat&post=80887"},{"taxonomy":"product_tag","embeddable":true,"href":"https:\/\/elicromcolombia.com\/index.php?rest_route=%2Fwp%2Fv2%2Fproduct_tag&post=80887"}],"curies":[{"name":"wp","href":"https:\/\/api.w.org\/{rel}","templated":true}]}}