
{"id":80551,"date":"2026-01-29T16:42:49","date_gmt":"2026-01-29T16:42:49","guid":{"rendered":"https:\/\/elicromcolombia.com\/?post_type=product&#038;p=80551"},"modified":"2026-01-29T16:42:49","modified_gmt":"2026-01-29T16:42:49","slug":"60582","status":"publish","type":"product","link":"https:\/\/elicromcolombia.com\/?product=60582","title":{"rendered":"Son\u00f3metro datalogger 30 a 130 db"},"content":{"rendered":"<p>El Son\u00f3metro 390E cuenta con lectura manual de la memoria de grabaci\u00f3n (99 puntos) y lectura de grabaci\u00f3n de LCD (99 Grabaciones de memoria).<\/p>\n<p>Especificaciones:<\/p>\n<p>-Rango de nivel: 30 ~ 130dB<br \/>\n-Precisi\u00f3n: \u00b1 1.4dB (ref. 94 dB a 1KHz)<br \/>\n-Ponderaci\u00f3n de frecuencia: A \/ C<br \/>\n-Ponderaci\u00f3n de tiempo: r\u00e1pido, lento<br \/>\n-Rango de frecuencia: 20Hz a 8KHz<br \/>\n-Micr\u00f3fono: Micr\u00f3fono condensador Electret de \u00bd pulgada<br \/>\n-Salidas Auxiliares: Salida AC \/ DC<br \/>\n-Bater\u00eda: bater\u00eda tama\u00f1o AA 1.5V x 4<br \/>\n-Dimensiones: 272x83x42 mm.<br \/>\n-Peso: Aprox.390g<\/p>\n<p>Funciones:<\/p>\n<p>1. Cumple con la norma IEC 61672-1 Clase 2<br \/>\n2. Registrador de datos de 32,000 registros<br \/>\n3. Memoria de grabaci\u00f3n de lectura manual (99 puntos)<br \/>\n4. Lectura de grabaci\u00f3n LCD (Grabaci\u00f3n de memoria 99)<br \/>\n5. Interfaz de PC<br \/>\n6. Con software de Windows<br \/>\n7. Salida de se\u00f1al de CA \/ CC<br \/>\n8. Resoluci\u00f3n de 0.1 dB<\/p>\n","protected":false},"excerpt":{"rendered":"<p>El Son\u00f3metro 390E cuenta con lectura manual de la memoria de grabaci\u00f3n (99 puntos) y lectura de grabaci\u00f3n de LCD (99 Grabaciones de memoria). Especificaciones: -Rango de nivel: 30 ~<\/p>\n","protected":false},"featured_media":82495,"comment_status":"open","ping_status":"closed","template":"","meta":[],"product_brand":[],"product_cat":[2350,2356],"product_tag":[],"class_list":{"0":"post-80551","1":"product","2":"type-product","3":"status-publish","4":"has-post-thumbnail","6":"product_cat-productos7-iso-17025","7":"product_cat-sonmetros1_19032026082755","9":"first","10":"outofstock","11":"taxable","12":"shipping-taxable","13":"purchasable","14":"product-type-simple"},"_links":{"self":[{"href":"https:\/\/elicromcolombia.com\/index.php?rest_route=\/wp\/v2\/product\/80551","targetHints":{"allow":["GET"]}}],"collection":[{"href":"https:\/\/elicromcolombia.com\/index.php?rest_route=\/wp\/v2\/product"}],"about":[{"href":"https:\/\/elicromcolombia.com\/index.php?rest_route=\/wp\/v2\/types\/product"}],"replies":[{"embeddable":true,"href":"https:\/\/elicromcolombia.com\/index.php?rest_route=%2Fwp%2Fv2%2Fcomments&post=80551"}],"wp:featuredmedia":[{"embeddable":true,"href":"https:\/\/elicromcolombia.com\/index.php?rest_route=\/wp\/v2\/media\/82495"}],"wp:attachment":[{"href":"https:\/\/elicromcolombia.com\/index.php?rest_route=%2Fwp%2Fv2%2Fmedia&parent=80551"}],"wp:term":[{"taxonomy":"product_brand","embeddable":true,"href":"https:\/\/elicromcolombia.com\/index.php?rest_route=%2Fwp%2Fv2%2Fproduct_brand&post=80551"},{"taxonomy":"product_cat","embeddable":true,"href":"https:\/\/elicromcolombia.com\/index.php?rest_route=%2Fwp%2Fv2%2Fproduct_cat&post=80551"},{"taxonomy":"product_tag","embeddable":true,"href":"https:\/\/elicromcolombia.com\/index.php?rest_route=%2Fwp%2Fv2%2Fproduct_tag&post=80551"}],"curies":[{"name":"wp","href":"https:\/\/api.w.org\/{rel}","templated":true}]}}