
{"id":78020,"date":"2026-01-29T15:27:46","date_gmt":"2026-01-29T15:27:46","guid":{"rendered":"https:\/\/elicromcolombia.com\/?post_type=product&#038;p=78020"},"modified":"2026-01-29T15:27:46","modified_gmt":"2026-01-29T15:27:46","slug":"47232","status":"publish","type":"product","link":"https:\/\/elicromcolombia.com\/?product=47232","title":{"rendered":"Barotermohigr\u00f3metro, termohigr\u00f3metro"},"content":{"rendered":"<p>Medidor de monitoreo de calidad del aire y medio ambiente.<br \/>\n-Temperatura<br \/>\n-Humedad<br \/>\n-Presi\u00f3n atmosf\u00e9rica<br \/>\n-Registro de datos <\/p>\n<p>Especificaciones:<br \/>\n-Rango de Temperatura: -30 a +65 \u2103 (Sonda interna) ~   -40 a +125 \u2103 (Sonda externa)<br \/>\n-Resoluci\u00f3n 0,1 \u2103<br \/>\n-Rango de Humedad: (0 a 100) %hr<br \/>\n-Resoluci\u00f3n de Humedad: 0,1 %RH<br \/>\n-Rango de Presi\u00f3n atmosf\u00e9rica: (300 a 1100) hPa,<br \/>\n-Resoluci\u00f3n de Presi\u00f3n Atmosf\u00e9rica: 0,2 hPa<br \/>\n-Precisi\u00f3n:<br \/>\n Temperatura: \u00b1 0.3 \u00b0C (-10 \u00b0C ~ 65 \u00b0C) \/ \u00b1 0.5 \u00b0C (otros)<br \/>\n Humedad Relativa: \u00b1 0.3 %hr (10 %hr ~ 90 %hr ) \/ \u00b1 4%(otros)<br \/>\n Presi\u00f3n atmosf\u00e9rica: \u00b11hPa (Todo el rango)<\/p>\n<p>-Almacenamiento de datos: 22528 lecturas<br \/>\n-Interface: Micro USB, DC 5 V\/2A<br \/>\n-Tama\u00f1o: 96 mm * 108 mm * 20 mm<br \/>\n-Alarma sonora<br \/>\n-Impermeable: IP20<br \/>\n-Garant\u00eda: 1 a\u00f1o por defecto de f\u00e1brica.<\/p>\n<p>No incluye sonda.<\/p>\n","protected":false},"excerpt":{"rendered":"<p>Medidor de monitoreo de calidad del aire y medio ambiente. -Temperatura -Humedad -Presi\u00f3n atmosf\u00e9rica -Registro de datos Especificaciones: -Rango de Temperatura: -30 a +65 \u2103 (Sonda interna) ~ -40 a<\/p>\n","protected":false},"featured_media":82502,"comment_status":"open","ping_status":"closed","template":"","meta":[],"product_brand":[],"product_cat":[2351,2350],"product_tag":[],"class_list":{"0":"post-78020","1":"product","2":"type-product","3":"status-publish","4":"has-post-thumbnail","6":"product_cat-barotermohigrmetro","7":"product_cat-productos7-iso-17025","9":"first","10":"instock","11":"taxable","12":"shipping-taxable","13":"purchasable","14":"product-type-simple"},"_links":{"self":[{"href":"https:\/\/elicromcolombia.com\/index.php?rest_route=\/wp\/v2\/product\/78020","targetHints":{"allow":["GET"]}}],"collection":[{"href":"https:\/\/elicromcolombia.com\/index.php?rest_route=\/wp\/v2\/product"}],"about":[{"href":"https:\/\/elicromcolombia.com\/index.php?rest_route=\/wp\/v2\/types\/product"}],"replies":[{"embeddable":true,"href":"https:\/\/elicromcolombia.com\/index.php?rest_route=%2Fwp%2Fv2%2Fcomments&post=78020"}],"wp:featuredmedia":[{"embeddable":true,"href":"https:\/\/elicromcolombia.com\/index.php?rest_route=\/wp\/v2\/media\/82502"}],"wp:attachment":[{"href":"https:\/\/elicromcolombia.com\/index.php?rest_route=%2Fwp%2Fv2%2Fmedia&parent=78020"}],"wp:term":[{"taxonomy":"product_brand","embeddable":true,"href":"https:\/\/elicromcolombia.com\/index.php?rest_route=%2Fwp%2Fv2%2Fproduct_brand&post=78020"},{"taxonomy":"product_cat","embeddable":true,"href":"https:\/\/elicromcolombia.com\/index.php?rest_route=%2Fwp%2Fv2%2Fproduct_cat&post=78020"},{"taxonomy":"product_tag","embeddable":true,"href":"https:\/\/elicromcolombia.com\/index.php?rest_route=%2Fwp%2Fv2%2Fproduct_tag&post=78020"}],"curies":[{"name":"wp","href":"https:\/\/api.w.org\/{rel}","templated":true}]}}