
{"id":77927,"date":"2026-01-29T15:25:51","date_gmt":"2026-01-29T15:25:51","guid":{"rendered":"https:\/\/elicromcolombia.com\/?post_type=product&#038;p=77927"},"modified":"2026-01-29T15:25:51","modified_gmt":"2026-01-29T15:25:51","slug":"46918","status":"publish","type":"product","link":"https:\/\/elicromcolombia.com\/?product=46918","title":{"rendered":"Datalogger con USB ELC330TH"},"content":{"rendered":"<p>Los registradores de datos USB utilizan sensores de temperatura y humedad de alta precisi\u00f3n para monitorear y registrar durante per\u00edodos prolongados, son herramientas ideales para monitorear mercanc\u00edas sensibles a la temperatura y la humedad, como medicamentos y alimentos perecederos, durante el transporte y el almacenamiento. <\/p>\n<p>Especificaciones:<\/p>\n<p>-Temperatura: -30\u2103~70\u2103<br \/>\n                        -20\u2103~40\u2103<br \/>\n                        -20 \u2103 o > 40 \u2103 \t<\/p>\n<p>-Precisi\u00f3n: \u00b10.4\u2103<br \/>\n-Resoluci\u00f3n: -0.1\u2103 \/ 0.1%RH<br \/>\n-Humedad: 0 % de HR~99,9 % de HR \/ \u00b12,5 % HR<br \/>\n-Resoluci\u00f3n:  0.1\u2103<br \/>\n-Almacenamiento de datos: 64000<br \/>\n-Bater\u00eda: CR2032<br \/>\n-Mostrar: 23 mm x 20 mm<br \/>\n-Peso neto del producto: 57,4 g<br \/>\n-Tama\u00f1o del producto: 38 x 105 x 14 mm<br \/>\n-Accesorios est\u00e1ndar: Bater\u00edas, soporte, tornillos, adhesivos, manual en ingl\u00e9s<\/p>\n","protected":false},"excerpt":{"rendered":"<p>Los registradores de datos USB utilizan sensores de temperatura y humedad de alta precisi\u00f3n para monitorear y registrar durante per\u00edodos prolongados, son herramientas ideales para monitorear mercanc\u00edas sensibles a la<\/p>\n","protected":false},"featured_media":82475,"comment_status":"open","ping_status":"closed","template":"","meta":[],"product_brand":[],"product_cat":[],"product_tag":[],"class_list":{"0":"post-77927","1":"product","2":"type-product","3":"status-publish","4":"has-post-thumbnail","7":"first","8":"instock","9":"taxable","10":"shipping-taxable","11":"purchasable","12":"product-type-simple"},"_links":{"self":[{"href":"https:\/\/elicromcolombia.com\/index.php?rest_route=\/wp\/v2\/product\/77927","targetHints":{"allow":["GET"]}}],"collection":[{"href":"https:\/\/elicromcolombia.com\/index.php?rest_route=\/wp\/v2\/product"}],"about":[{"href":"https:\/\/elicromcolombia.com\/index.php?rest_route=\/wp\/v2\/types\/product"}],"replies":[{"embeddable":true,"href":"https:\/\/elicromcolombia.com\/index.php?rest_route=%2Fwp%2Fv2%2Fcomments&post=77927"}],"wp:featuredmedia":[{"embeddable":true,"href":"https:\/\/elicromcolombia.com\/index.php?rest_route=\/wp\/v2\/media\/82475"}],"wp:attachment":[{"href":"https:\/\/elicromcolombia.com\/index.php?rest_route=%2Fwp%2Fv2%2Fmedia&parent=77927"}],"wp:term":[{"taxonomy":"product_brand","embeddable":true,"href":"https:\/\/elicromcolombia.com\/index.php?rest_route=%2Fwp%2Fv2%2Fproduct_brand&post=77927"},{"taxonomy":"product_cat","embeddable":true,"href":"https:\/\/elicromcolombia.com\/index.php?rest_route=%2Fwp%2Fv2%2Fproduct_cat&post=77927"},{"taxonomy":"product_tag","embeddable":true,"href":"https:\/\/elicromcolombia.com\/index.php?rest_route=%2Fwp%2Fv2%2Fproduct_tag&post=77927"}],"curies":[{"name":"wp","href":"https:\/\/api.w.org\/{rel}","templated":true}]}}