
{"id":82507,"date":"2026-05-06T09:18:41","date_gmt":"2026-05-06T14:18:41","guid":{"rendered":"https:\/\/elicromcolombia.com\/?page_id=82507"},"modified":"2026-05-06T09:18:41","modified_gmt":"2026-05-06T14:18:41","slug":"refund_returns","status":"publish","type":"page","link":"https:\/\/elicromcolombia.com\/?page_id=82507","title":{"rendered":"Pol\u00edtica de devoluciones y cambios"},"content":{"rendered":"<p data-start=\"276\" data-end=\"415\">En ELICROM COLOMBIA buscamos garantizar la satisfacci\u00f3n de nuestros clientes. Por ello, ofrecemos un proceso de devoluci\u00f3n claro y transparente.<\/p>\n<h3 data-section-id=\"1y0gx43\" data-start=\"417\" data-end=\"450\"><span role=\"text\"><strong data-start=\"421\" data-end=\"450\">Condiciones de devoluci\u00f3n<\/strong><\/span><\/h3>\n<ul data-start=\"451\" data-end=\"694\">\n<li data-section-id=\"i20h70\" data-start=\"451\" data-end=\"537\">Se aceptan devoluciones dentro de los <strong data-start=\"491\" data-end=\"509\">7 d\u00edas h\u00e1biles<\/strong> posteriores a la entrega.<\/li>\n<li data-section-id=\"eereut\" data-start=\"538\" data-end=\"629\">El producto debe encontrarse <strong data-start=\"569\" data-end=\"591\">en perfecto estado<\/strong>, sin uso y con su empaque original.<\/li>\n<li data-section-id=\"1xlu2ck\" data-start=\"630\" data-end=\"694\">Es necesario presentar la <strong data-start=\"658\" data-end=\"693\">factura o comprobante de compra<\/strong>.<\/li>\n<\/ul>\n<h3 data-section-id=\"qi86ve\" data-start=\"696\" data-end=\"726\"><span role=\"text\"><strong data-start=\"700\" data-end=\"726\">Productos no elegibles<\/strong><\/span><\/h3>\n<ul data-start=\"727\" data-end=\"857\">\n<li data-section-id=\"nigi7z\" data-start=\"727\" data-end=\"766\">Equipos calibrados o personalizados<\/li>\n<li data-section-id=\"nabfqf\" data-start=\"767\" data-end=\"821\">Reactivos, consumibles o productos de uso sensible<\/li>\n<li data-section-id=\"1mdkr5d\" data-start=\"822\" data-end=\"857\">Productos con da\u00f1os por mal uso<\/li>\n<\/ul>\n<h3 data-section-id=\"lwdljl\" data-start=\"859\" data-end=\"874\"><span role=\"text\"><strong data-start=\"863\" data-end=\"874\">Proceso<\/strong><\/span><\/h3>\n<p data-start=\"875\" data-end=\"1022\">Para iniciar una devoluci\u00f3n, cont\u00e1ctenos indicando el motivo. Posteriormente, nuestro equipo evaluar\u00e1 el caso y le indicar\u00e1 los pasos a seguir.<\/p>\n","protected":false},"excerpt":{"rendered":"<p>En ELICROM COLOMBIA buscamos garantizar la satisfacci\u00f3n de nuestros clientes. Por ello, ofrecemos un proceso de devoluci\u00f3n claro y transparente. Condiciones de devoluci\u00f3n Se aceptan devoluciones dentro de los 7<\/p>\n","protected":false},"author":1,"featured_media":0,"parent":0,"menu_order":0,"comment_status":"closed","ping_status":"closed","template":"","meta":{"om_disable_all_campaigns":false,"_monsterinsights_skip_tracking":false,"_monsterinsights_sitenote_active":false,"_monsterinsights_sitenote_note":"","_monsterinsights_sitenote_category":0,"footnotes":""},"class_list":["post-82507","page","type-page","status-publish","hentry"],"aioseo_notices":[],"_links":{"self":[{"href":"https:\/\/elicromcolombia.com\/index.php?rest_route=\/wp\/v2\/pages\/82507","targetHints":{"allow":["GET"]}}],"collection":[{"href":"https:\/\/elicromcolombia.com\/index.php?rest_route=\/wp\/v2\/pages"}],"about":[{"href":"https:\/\/elicromcolombia.com\/index.php?rest_route=\/wp\/v2\/types\/page"}],"author":[{"embeddable":true,"href":"https:\/\/elicromcolombia.com\/index.php?rest_route=\/wp\/v2\/users\/1"}],"replies":[{"embeddable":true,"href":"https:\/\/elicromcolombia.com\/index.php?rest_route=%2Fwp%2Fv2%2Fcomments&post=82507"}],"version-history":[{"count":2,"href":"https:\/\/elicromcolombia.com\/index.php?rest_route=\/wp\/v2\/pages\/82507\/revisions"}],"predecessor-version":[{"id":82709,"href":"https:\/\/elicromcolombia.com\/index.php?rest_route=\/wp\/v2\/pages\/82507\/revisions\/82709"}],"wp:attachment":[{"href":"https:\/\/elicromcolombia.com\/index.php?rest_route=%2Fwp%2Fv2%2Fmedia&parent=82507"}],"curies":[{"name":"wp","href":"https:\/\/api.w.org\/{rel}","templated":true}]}}