
{"id":82277,"date":"2026-03-12T16:48:32","date_gmt":"2026-03-12T21:48:32","guid":{"rendered":"https:\/\/elicromcolombia.com\/?page_id=82277"},"modified":"2026-03-31T11:27:15","modified_gmt":"2026-03-31T16:27:15","slug":"micropipetas","status":"publish","type":"page","link":"https:\/\/elicromcolombia.com\/?page_id=82277","title":{"rendered":"Micropipetas"},"content":{"rendered":"<div class=\"vc_row wpb_row vc_row-fluid\"><div class=\"wpb_column vc_column_container vc_col-sm-12\"><div class=\"vc_column-inner\"><div class=\"wpb_wrapper\">\n\t<div class=\"wpb_text_column wpb_content_element \" >\n\t\t<div class=\"wpb_wrapper\">\n\t\t\t<p><strong><span style=\"color: #419fd2; text-align: center; font-size: 32px;\">MANEJO DE L\u00cdQUIDOS<\/span><\/strong><br \/>\nPipetas de alta precisi\u00f3n y confiabilidad, dise\u00f1ada para cumplir con los est\u00e1ndares m\u00e1s exigentes de laboratorios cl\u00ednicos, industriales y de investigaci\u00f3n<\/p>\n<p><img loading=\"lazy\" decoding=\"async\" class=\"size-medium wp-image-82526 aligncenter\" src=\"https:\/\/elicromcolombia.com\/wp-content\/uploads\/2026\/03\/micropipet-150x150.png\" alt=\"Micropipeta\" width=\"300\" height=\"300\" srcset=\"https:\/\/elicromcolombia.com\/wp-content\/uploads\/2026\/03\/micropipet-150x150.png 150w, https:\/\/elicromcolombia.com\/wp-content\/uploads\/2026\/03\/micropipet-300x300.png 300w, https:\/\/elicromcolombia.com\/wp-content\/uploads\/2026\/03\/micropipet-1024x1024.png 1024w, https:\/\/elicromcolombia.com\/wp-content\/uploads\/2026\/03\/micropipet-768x768.png 768w, https:\/\/elicromcolombia.com\/wp-content\/uploads\/2026\/03\/micropipet-600x600.png 600w, https:\/\/elicromcolombia.com\/wp-content\/uploads\/2026\/03\/micropipet-100x100.png 100w, https:\/\/elicromcolombia.com\/wp-content\/uploads\/2026\/03\/micropipet.png 1200w\" sizes=\"auto, (max-width: 300px) 100vw, 300px\" \/><\/p>\n<table style=\"width: 50%; margin: 5px auto; border-collapse: collapse; box-shadow: 0 3px 10px rgba(0,0,0,0.08);\" border=\"1\">\n<tbody>\n<tr style=\"background: #419fd2;\">\n<th style=\"text-align: center;\"><strong><span style=\"color: #ffffff; text-align: center; font-size: 18px;\">C\u00d3DIGO<\/span><\/strong><\/th>\n<th style=\"text-align: center;\"><strong><span style=\"color: #ffffff; text-align: center; font-size: 18px;\">VOLUMEN<\/span><\/strong><\/th>\n<th style=\"text-align: center;\"><strong><span style=\"color: #ffffff; text-align: center; font-size: 18px;\">TIPO<\/span><\/strong><\/th>\n<th style=\"text-align: center;\"><strong><span style=\"color: #ffffff; text-align: center; font-size: 18px;\">PVP<\/span><\/strong><\/th>\n<\/tr>\n<tr>\n<td style=\"background: #e2f6ff;\"><strong> A3009 <\/strong><\/td>\n<td style=\"text-align: center;\">10 \u00b5l<\/td>\n<td style=\"text-align: center;\">Fijo<\/td>\n<td style=\"text-align: center; color: #0f0f91;\"><strong><a href=\"https:\/\/elicromcolombia.com\/?product=60965\"><u><span class=\"electro-price\"><span class=\"woocs_price_code\" data-product-id=\"81179\"><span class=\"woocommerce-Price-amount amount\"><bdi><span class=\"woocommerce-Price-currencySymbol\">&#36;<\/span>&nbsp;285,000.00<\/bdi><\/span><\/span><\/span><\/u><\/a><\/strong><\/td>\n<\/tr>\n<tr>\n<td style=\"background: #e2f6ff;\"><strong> A3013 <\/strong><\/td>\n<td style=\"text-align: center;\">100 \u00b5l<\/td>\n<td style=\"text-align: center;\">Fijo<\/td>\n<td style=\"text-align: center; color: #0f0f91;\"><strong><a href=\"https:\/\/elicromcolombia.com\/?product=60966\"><u><span class=\"electro-price\"><span class=\"woocs_price_code\" data-product-id=\"81181\"><span class=\"woocommerce-Price-amount amount\"><bdi><span class=\"woocommerce-Price-currencySymbol\">&#36;<\/span>&nbsp;248,000.00<\/bdi><\/span><\/span><\/span><\/u><\/a><\/strong><\/td>\n<\/tr>\n<tr>\n<td style=\"background: #e2f6ff;\"><strong> A3014 <\/strong><\/td>\n<td style=\"text-align: center;\">200 \u00b5l<\/td>\n<td style=\"text-align: center;\">Fijo<\/td>\n<td style=\"text-align: center; color: #0f0f91;\"><strong><a href=\"https:\/\/elicromcolombia.com\/?product=60967\"><u><span class=\"electro-price\"><span class=\"woocs_price_code\" data-product-id=\"81183\"><span class=\"woocommerce-Price-amount amount\"><bdi><span class=\"woocommerce-Price-currencySymbol\">&#36;<\/span>&nbsp;248,000.00<\/bdi><\/span><\/span><\/span><\/u><\/a><\/strong><\/td>\n<\/tr>\n<tr>\n<td style=\"background: #e2f6ff;\"><strong> A3016 <\/strong><\/td>\n<td style=\"text-align: center;\">500 \u00b5l<\/td>\n<td style=\"text-align: center;\">Fijo<\/td>\n<td style=\"text-align: center; color: #0f0f91;\"><strong><a href=\"https:\/\/elicromcolombia.com\/?product=60968\"><u><span class=\"electro-price\"><span class=\"woocs_price_code\" data-product-id=\"81185\"><span class=\"woocommerce-Price-amount amount\"><bdi><span class=\"woocommerce-Price-currencySymbol\">&#36;<\/span>&nbsp;211,000.00<\/bdi><\/span><\/span><\/span><\/u><\/a><\/strong><\/td>\n<\/tr>\n<tr>\n<td style=\"background: #e2f6ff;\"><strong> A3017 <\/strong><\/td>\n<td style=\"text-align: center;\">1000 \u00b5l<\/td>\n<td style=\"text-align: center;\">Fijo<\/td>\n<td style=\"text-align: center; color: #0f0f91;\"><strong><a href=\"https:\/\/elicromcolombia.com\/?product=60959\"><u><span class=\"electro-price\"><span class=\"woocs_price_code\" data-product-id=\"81168\"><span class=\"woocommerce-Price-amount amount\"><bdi><span class=\"woocommerce-Price-currencySymbol\">&#36;<\/span>&nbsp;211,000.00<\/bdi><\/span><\/span><\/span><\/u><\/a><\/strong><\/td>\n<\/tr>\n<tr>\n<td style=\"background: #e2f6ff;\"><strong> A3018 <\/strong><\/td>\n<td style=\"text-align: center;\">2000 \u00b5l<\/td>\n<td style=\"text-align: center;\">Fijo<\/td>\n<td style=\"text-align: center; color: #0f0f91;\"><strong><a href=\"https:\/\/elicromcolombia.com\/?product=60969\"><u><span class=\"electro-price\"><span class=\"woocs_price_code\" data-product-id=\"81187\"><span class=\"woocommerce-Price-amount amount\"><bdi><span class=\"woocommerce-Price-currencySymbol\">&#36;<\/span>&nbsp;211,000.00<\/bdi><\/span><\/span><\/span><\/u><\/a><\/strong><\/td>\n<\/tr>\n<tr>\n<td style=\"background: #e2f6ff;\"><strong> A3020 <\/strong><\/td>\n<td style=\"text-align: center;\">5000 \u00b5l<\/td>\n<td style=\"text-align: center;\">Fijo<\/td>\n<td style=\"text-align: center; color: #0f0f91;\"><strong><a href=\"https:\/\/elicromcolombia.com\/?product=60970\"><u><span class=\"electro-price\"><span class=\"woocs_price_code\" data-product-id=\"81189\"><span class=\"woocommerce-Price-amount amount\"><bdi><span class=\"woocommerce-Price-currencySymbol\">&#36;<\/span>&nbsp;211,000.00<\/bdi><\/span><\/span><\/span><\/u><\/a><\/strong><\/td>\n<\/tr>\n<tr>\n<td style=\"background: #e2f6ff;\"><strong> A3022 <\/strong><\/td>\n<td style=\"text-align: center;\">0.5 &#8211; 10 \u00b5l<\/td>\n<td style=\"text-align: center;\">Variable<\/td>\n<td style=\"text-align: center; color: #0f0f91;\"><strong><a href=\"https:\/\/elicromcolombia.com\/?product=60798\"><u><span class=\"electro-price\"><span class=\"woocs_price_code\" data-product-id=\"80884\"><span class=\"woocommerce-Price-amount amount\"><bdi><span class=\"woocommerce-Price-currencySymbol\">&#36;<\/span>&nbsp;292,000.00<\/bdi><\/span><\/span><\/span><\/u><\/a><\/strong><\/td>\n<\/tr>\n<tr>\n<td style=\"background: #e2f6ff;\"><strong> A3024 <\/strong><\/td>\n<td style=\"text-align: center;\">5 &#8211; 50 \u00b5l<\/td>\n<td style=\"text-align: center;\">Variable<\/td>\n<td style=\"text-align: center; color: #0f0f91;\"><strong><a href=\"https:\/\/elicromcolombia.com\/?product=60971\"><u><span class=\"electro-price\"><span class=\"woocs_price_code\" data-product-id=\"81191\"><span class=\"woocommerce-Price-amount amount\"><bdi><span class=\"woocommerce-Price-currencySymbol\">&#36;<\/span>&nbsp;255,000.00<\/bdi><\/span><\/span><\/span><\/u><\/a><\/strong><\/td>\n<\/tr>\n<tr>\n<td style=\"background: #e2f6ff;\"><strong> A3025 <\/strong><\/td>\n<td style=\"text-align: center;\">10 &#8211; 100 \u00b5l<\/td>\n<td style=\"text-align: center;\">Variable<\/td>\n<td style=\"text-align: center; color: #0f0f91;\"><strong><a href=\"https:\/\/elicromcolombia.com\/?product=60800\"><u><span class=\"electro-price\"><span class=\"woocs_price_code\" data-product-id=\"80887\"><span class=\"woocommerce-Price-amount amount\"><bdi><span class=\"woocommerce-Price-currencySymbol\">&#36;<\/span>&nbsp;255,000.00<\/bdi><\/span><\/span><\/span><\/u><\/a><\/strong><\/td>\n<\/tr>\n<tr>\n<td style=\"background: #e2f6ff;\"><strong> A3027 <\/strong><\/td>\n<td style=\"text-align: center;\">50 &#8211; 200 \u00b5l<\/td>\n<td style=\"text-align: center;\">Variable<\/td>\n<td style=\"text-align: center; color: #0f0f91;\"><strong><a href=\"https:\/\/elicromcolombia.com\/?product=60972\"><u><span class=\"electro-price\"><span class=\"woocs_price_code\" data-product-id=\"81193\"><span class=\"woocommerce-Price-amount amount\"><bdi><span class=\"woocommerce-Price-currencySymbol\">&#36;<\/span>&nbsp;218,000.00<\/bdi><\/span><\/span><\/span><\/u><\/a><\/strong><\/td>\n<\/tr>\n<tr>\n<td style=\"background: #e2f6ff;\"><strong> A3028 <\/strong><\/td>\n<td style=\"text-align: center;\">100 &#8211; 1000 \u00b5l<\/td>\n<td style=\"text-align: center;\">Variable<\/td>\n<td style=\"text-align: center; color: #0f0f91;\"><strong><a href=\"https:\/\/elicromcolombia.com\/?product=60801\"><u><span class=\"electro-price\"><span class=\"woocs_price_code\" data-product-id=\"80889\"><span class=\"woocommerce-Price-amount amount\"><bdi><span class=\"woocommerce-Price-currencySymbol\">&#36;<\/span>&nbsp;218,000.00<\/bdi><\/span><\/span><\/span><\/u><\/a><\/strong><\/td>\n<\/tr>\n<tr>\n<td style=\"background: #e2f6ff;\"><strong> A3030 <\/strong><\/td>\n<td style=\"text-align: center;\">1000 &#8211; 5000 \u00b5l<\/td>\n<td style=\"text-align: center;\">Variable<\/td>\n<td style=\"text-align: center; color: #0f0f91;\"><strong><a href=\"https:\/\/elicromcolombia.com\/?product=60636\"><u><span class=\"electro-price\"><span class=\"woocs_price_code\" data-product-id=\"80647\"><span class=\"woocommerce-Price-amount amount\"><bdi><span class=\"woocommerce-Price-currencySymbol\">&#36;<\/span>&nbsp;218,000.00<\/bdi><\/span><\/span><\/span><\/u><\/a><\/strong><\/td>\n<\/tr>\n<\/tbody>\n<\/table>\n\n\t\t<\/div>\n\t<\/div>\n<\/div><\/div><\/div><\/div><div class=\"vc_row wpb_row vc_row-fluid\"><div class=\"wpb_column vc_column_container vc_col-sm-12\"><div class=\"vc_column-inner\"><div class=\"wpb_wrapper\">\n\t<div class=\"wpb_raw_code wpb_raw_js\" >\n\t\t<div class=\"wpb_wrapper\">\n\t\t\t<script>\njQuery(function($){\n\n    \/\/ abrir men\u00fa principal\n    $('.departments-menu-v2 > .dropdown')\n        .addClass('open')\n        .children('.dropdown-menu')\n        .addClass('show');\n\n    \/\/ CLAVE: eliminar display:none inline\n    $('.departments-menu-v2 .sub-menu').removeAttr('style');\n\n});\n<\/script>\n\t\t<\/div>\n\t<\/div>\n<\/div><\/div><\/div><\/div>\n","protected":false},"excerpt":{"rendered":"MANEJO DE L\u00cdQUIDOS Pipetas de alta precisi\u00f3n y confiabilidad, dise\u00f1ada para cumplir con los est\u00e1ndares m\u00e1s exigentes de laboratorios cl\u00ednicos, industriales y de investigaci\u00f3n C\u00d3DIGO VOLUMEN TIPO PVP A3009 10","protected":false},"author":3,"featured_media":0,"parent":0,"menu_order":0,"comment_status":"closed","ping_status":"closed","template":"template-page-sidebar-left.php","meta":{"footnotes":""},"class_list":["post-82277","page","type-page","status-publish","hentry"],"_links":{"self":[{"href":"https:\/\/elicromcolombia.com\/index.php?rest_route=\/wp\/v2\/pages\/82277","targetHints":{"allow":["GET"]}}],"collection":[{"href":"https:\/\/elicromcolombia.com\/index.php?rest_route=\/wp\/v2\/pages"}],"about":[{"href":"https:\/\/elicromcolombia.com\/index.php?rest_route=\/wp\/v2\/types\/page"}],"author":[{"embeddable":true,"href":"https:\/\/elicromcolombia.com\/index.php?rest_route=\/wp\/v2\/users\/3"}],"replies":[{"embeddable":true,"href":"https:\/\/elicromcolombia.com\/index.php?rest_route=%2Fwp%2Fv2%2Fcomments&post=82277"}],"version-history":[{"count":7,"href":"https:\/\/elicromcolombia.com\/index.php?rest_route=\/wp\/v2\/pages\/82277\/revisions"}],"predecessor-version":[{"id":82588,"href":"https:\/\/elicromcolombia.com\/index.php?rest_route=\/wp\/v2\/pages\/82277\/revisions\/82588"}],"wp:attachment":[{"href":"https:\/\/elicromcolombia.com\/index.php?rest_route=%2Fwp%2Fv2%2Fmedia&parent=82277"}],"curies":[{"name":"wp","href":"https:\/\/api.w.org\/{rel}","templated":true}]}}