
{"id":82274,"date":"2026-03-12T16:47:29","date_gmt":"2026-03-12T21:47:29","guid":{"rendered":"https:\/\/elicromcolombia.com\/?page_id=82274"},"modified":"2026-03-31T11:26:58","modified_gmt":"2026-03-31T16:26:58","slug":"datalogger-4","status":"publish","type":"page","link":"https:\/\/elicromcolombia.com\/?page_id=82274","title":{"rendered":"Datalogger"},"content":{"rendered":"<div class=\"vc_row wpb_row vc_row-fluid\"><div class=\"wpb_column vc_column_container vc_col-sm-12\"><div class=\"vc_column-inner\"><div class=\"wpb_wrapper\">\n\t<div class=\"wpb_text_column wpb_content_element \" >\n\t\t<div class=\"wpb_wrapper\">\n\t\t\t<p><strong><span style=\"color: #419fd2; text-align: center; font-size: 32px;\">TERMOHIGR\u00d3METROS DATALOGGER<\/span><\/strong><br \/>\nTermohigr\u00f3metros certificado ISO 17025 Acreditado por el Servicio de Acreditaci\u00f3n Ecuatoriano SAE y por A2LA  de los Estados Unidos de Am\u00e9rica, calibrado en los puntos: Humedad Relativa (30 %hr, 50 %hr y 75 %hr) a una temperatura fija de 23\u00b0C<\/p>\n<table class=\"tabla-catalogo\">\n<tbody>\n<tr>\n<td>\r\n<div class=\"card-catalogo\">\r\n\r\n<a href=\"https:\/\/elicromcolombia.com\/?product=46918\" class=\"producto-nombre\">ELC330TH<\/a>\r\n\r\n<a href=\"https:\/\/elicromcolombia.com\/?product=46918\" class=\"producto-imagen\">\r\n<img loading=\"lazy\" decoding=\"async\" width=\"300\" height=\"300\" src=\"https:\/\/elicromcolombia.com\/wp-content\/uploads\/2026\/01\/46918-0-300x300.png\" class=\"attachment-medium size-medium wp-post-image\" alt=\"\" srcset=\"https:\/\/elicromcolombia.com\/wp-content\/uploads\/2026\/01\/46918-0-300x300.png 300w, https:\/\/elicromcolombia.com\/wp-content\/uploads\/2026\/01\/46918-0-150x150.png 150w, https:\/\/elicromcolombia.com\/wp-content\/uploads\/2026\/01\/46918-0-768x768.png 768w, https:\/\/elicromcolombia.com\/wp-content\/uploads\/2026\/01\/46918-0-600x600.png 600w, https:\/\/elicromcolombia.com\/wp-content\/uploads\/2026\/01\/46918-0-100x100.png 100w, https:\/\/elicromcolombia.com\/wp-content\/uploads\/2026\/01\/46918-0.png 800w\" sizes=\"auto, (max-width: 300px) 100vw, 300px\" \/>\r\n<\/a>\r\n\r\n<a href=\"https:\/\/elicromcolombia.com\/?product=46918\" class=\"producto-precio\"><span class=\"electro-price\"><span class=\"woocs_price_code\" data-product-id=\"77927\"><span class=\"woocommerce-Price-amount amount\"><bdi><span class=\"woocommerce-Price-currencySymbol\">&#36;<\/span>&nbsp;270,000.00<\/bdi><\/span><\/span><\/span><\/a>\r\n\r\n<a href=\"?add-to-cart=77927\" \r\nclass=\"button add_to_cart_button ajax_add_to_cart\"\r\ndata-product_id=\"77927\"\r\ndata-quantity=\"1\">\r\nA\u00f1adir al carrito\r\n<\/a>\r\n\r\n<\/div>\r\n<\/td>\n<td>\r\n<div class=\"card-catalogo\">\r\n\r\n<a href=\"https:\/\/elicromcolombia.com\/?product=21786\" class=\"producto-nombre\">ELC-4HC<\/a>\r\n\r\n<a href=\"https:\/\/elicromcolombia.com\/?product=21786\" class=\"producto-imagen\">\r\n<img loading=\"lazy\" decoding=\"async\" width=\"300\" height=\"300\" src=\"https:\/\/elicromcolombia.com\/wp-content\/uploads\/2026\/01\/21786-0-300x300.jpeg\" class=\"attachment-medium size-medium wp-post-image\" alt=\"\" srcset=\"https:\/\/elicromcolombia.com\/wp-content\/uploads\/2026\/01\/21786-0-300x300.jpeg 300w, https:\/\/elicromcolombia.com\/wp-content\/uploads\/2026\/01\/21786-0-150x150.jpeg 150w, https:\/\/elicromcolombia.com\/wp-content\/uploads\/2026\/01\/21786-0-768x768.jpeg 768w, https:\/\/elicromcolombia.com\/wp-content\/uploads\/2026\/01\/21786-0-600x600.jpeg 600w, https:\/\/elicromcolombia.com\/wp-content\/uploads\/2026\/01\/21786-0-100x100.jpeg 100w, https:\/\/elicromcolombia.com\/wp-content\/uploads\/2026\/01\/21786-0.jpeg 800w\" sizes=\"auto, (max-width: 300px) 100vw, 300px\" \/>\r\n<\/a>\r\n\r\n<a href=\"https:\/\/elicromcolombia.com\/?product=21786\" class=\"producto-precio\"><span class=\"electro-price\"><span class=\"woocs_price_code\" data-product-id=\"81370\"><span class=\"woocommerce-Price-amount amount\"><bdi><span class=\"woocommerce-Price-currencySymbol\">&#36;<\/span>&nbsp;270,000.00<\/bdi><\/span><\/span><\/span><\/a>\r\n\r\n<a href=\"?add-to-cart=81370\" \r\nclass=\"button add_to_cart_button ajax_add_to_cart\"\r\ndata-product_id=\"81370\"\r\ndata-quantity=\"1\">\r\nA\u00f1adir al carrito\r\n<\/a>\r\n\r\n<\/div>\r\n<\/td>\n<td>\r\n<div class=\"card-catalogo\">\r\n\r\n<a href=\"https:\/\/elicromcolombia.com\/?product=30401\" class=\"producto-nombre\">RC-51H<\/a>\r\n\r\n<a href=\"https:\/\/elicromcolombia.com\/?product=30401\" class=\"producto-imagen\">\r\n<img loading=\"lazy\" decoding=\"async\" width=\"300\" height=\"300\" src=\"https:\/\/elicromcolombia.com\/wp-content\/uploads\/2026\/03\/30401-0-300x300.png\" class=\"attachment-medium size-medium wp-post-image\" alt=\"\" srcset=\"https:\/\/elicromcolombia.com\/wp-content\/uploads\/2026\/03\/30401-0-300x300.png 300w, https:\/\/elicromcolombia.com\/wp-content\/uploads\/2026\/03\/30401-0-150x150.png 150w, https:\/\/elicromcolombia.com\/wp-content\/uploads\/2026\/03\/30401-0-768x768.png 768w, https:\/\/elicromcolombia.com\/wp-content\/uploads\/2026\/03\/30401-0-600x600.png 600w, https:\/\/elicromcolombia.com\/wp-content\/uploads\/2026\/03\/30401-0-100x100.png 100w, https:\/\/elicromcolombia.com\/wp-content\/uploads\/2026\/03\/30401-0.png 800w\" sizes=\"auto, (max-width: 300px) 100vw, 300px\" \/>\r\n<\/a>\r\n\r\n<a href=\"https:\/\/elicromcolombia.com\/?product=30401\" class=\"producto-precio\"><span class=\"electro-price\"><span class=\"woocs_price_code\" data-product-id=\"82402\"><span class=\"woocommerce-Price-amount amount\"><bdi><span class=\"woocommerce-Price-currencySymbol\">&#36;<\/span>&nbsp;270,000.00<\/bdi><\/span><\/span><\/span><\/a>\r\n\r\n<a href=\"?add-to-cart=82402\" \r\nclass=\"button add_to_cart_button ajax_add_to_cart\"\r\ndata-product_id=\"82402\"\r\ndata-quantity=\"1\">\r\nA\u00f1adir al carrito\r\n<\/a>\r\n\r\n<\/div>\r\n<\/td>\n<td>\r\n<div class=\"card-catalogo\">\r\n\r\n<a href=\"https:\/\/elicromcolombia.com\/?product=46941\" class=\"producto-nombre\">Tlog 10H<\/a>\r\n\r\n<a href=\"https:\/\/elicromcolombia.com\/?product=46941\" class=\"producto-imagen\">\r\n<img loading=\"lazy\" decoding=\"async\" width=\"300\" height=\"300\" src=\"https:\/\/elicromcolombia.com\/wp-content\/uploads\/2026\/03\/46941-0-300x300.png\" class=\"attachment-medium size-medium wp-post-image\" alt=\"\" srcset=\"https:\/\/elicromcolombia.com\/wp-content\/uploads\/2026\/03\/46941-0-300x300.png 300w, https:\/\/elicromcolombia.com\/wp-content\/uploads\/2026\/03\/46941-0-150x150.png 150w, https:\/\/elicromcolombia.com\/wp-content\/uploads\/2026\/03\/46941-0-768x768.png 768w, https:\/\/elicromcolombia.com\/wp-content\/uploads\/2026\/03\/46941-0-600x600.png 600w, https:\/\/elicromcolombia.com\/wp-content\/uploads\/2026\/03\/46941-0-100x100.png 100w, https:\/\/elicromcolombia.com\/wp-content\/uploads\/2026\/03\/46941-0.png 800w\" sizes=\"auto, (max-width: 300px) 100vw, 300px\" \/>\r\n<\/a>\r\n\r\n<a href=\"https:\/\/elicromcolombia.com\/?product=46941\" class=\"producto-precio\"><span class=\"electro-price\"><span class=\"woocs_price_code\" data-product-id=\"82404\"><span class=\"woocommerce-Price-amount amount\"><bdi><span class=\"woocommerce-Price-currencySymbol\">&#36;<\/span>&nbsp;270,000.00<\/bdi><\/span><\/span><\/span><\/a>\r\n\r\n<a href=\"?add-to-cart=82404\" \r\nclass=\"button add_to_cart_button ajax_add_to_cart\"\r\ndata-product_id=\"82404\"\r\ndata-quantity=\"1\">\r\nA\u00f1adir al carrito\r\n<\/a>\r\n\r\n<\/div>\r\n<\/td>\n<\/tr>\n<\/tbody>\n<\/table>\n<table style=\"width: 100%;\" border=\"1\">\n<tbody>\n<tr style=\"background: #419fd2;\">\n<th><\/th>\n<th style=\"text-align: center;\"><strong><span style=\"color: #ffffff; text-align: center; font-size: 18px;\">ELC330TH<\/span><\/strong><\/th>\n<th style=\"text-align: center;\"><strong><span style=\"color: #ffffff; text-align: center; font-size: 18px;\">ELC-4HC<\/span><\/strong><\/th>\n<th style=\"text-align: center;\"><strong><span style=\"color: #ffffff; text-align: center; font-size: 18px;\">RC-51H<\/span><\/strong><\/th>\n<th style=\"text-align: center;\"><strong><span style=\"color: #ffffff; text-align: center; font-size: 18px;\">Tlog 10H<\/span><\/strong><\/th>\n<\/tr>\n<tr>\n<td style=\"background: #e2f6ff;\"><strong>PVP equipo<\/strong><\/td>\n<td style=\"text-align: center;color:#0f0f91\"><strong><a href=\"https:\/\/elicromcolombia.com\/?product=46918\"><u><span class=\"electro-price\"><span class=\"woocs_price_code\" data-product-id=\"77927\"><span class=\"woocommerce-Price-amount amount\"><bdi><span class=\"woocommerce-Price-currencySymbol\">&#36;<\/span>&nbsp;270,000.00<\/bdi><\/span><\/span><\/span><\/u><\/a><\/strong><\/td>\n<td style=\"text-align: center;color:#0f0f91\"><strong><a href=\"https:\/\/elicromcolombia.com\/?product=21786\"><u><span class=\"electro-price\"><span class=\"woocs_price_code\" data-product-id=\"81370\"><span class=\"woocommerce-Price-amount amount\"><bdi><span class=\"woocommerce-Price-currencySymbol\">&#36;<\/span>&nbsp;270,000.00<\/bdi><\/span><\/span><\/span><\/u><\/a><\/strong><\/td>\n<td style=\"text-align: center;color:#0f0f91\"><strong><a href=\"https:\/\/elicromcolombia.com\/?product=30401\"><u><span class=\"electro-price\"><span class=\"woocs_price_code\" data-product-id=\"82402\"><span class=\"woocommerce-Price-amount amount\"><bdi><span class=\"woocommerce-Price-currencySymbol\">&#36;<\/span>&nbsp;270,000.00<\/bdi><\/span><\/span><\/span><\/u><\/a><\/strong><\/td>\n<td style=\"text-align: center;color:#0f0f91\"><strong><a href=\"https:\/\/elicromcolombia.com\/?product=46941\"><u><span class=\"electro-price\"><span class=\"woocs_price_code\" data-product-id=\"82404\"><span class=\"woocommerce-Price-amount amount\"><bdi><span class=\"woocommerce-Price-currencySymbol\">&#36;<\/span>&nbsp;270,000.00<\/bdi><\/span><\/span><\/span><\/u><\/a><\/strong><\/td>\n<\/tr>\n<tr>\n<td style=\"background: #e2f6ff;\"><strong>Rango Humedad<\/strong><\/td>\n<td style=\"text-align: center;\">0%RH &#8211; 100%RH<\/td>\n<td style=\"text-align: center;\">10%RH &#8211; 99%RH<\/td>\n<td style=\"text-align: center;\">10%RH &#8211; 95%RH<\/td>\n<td style=\"text-align: center;\">0%RH &#8211; 100%RH<\/td>\n<\/tr>\n<tr>\n<td style=\"background: #e2f6ff;\"><strong>Exactitud RH<\/strong><\/td>\n<td style=\"text-align: center;\">&plusmn;2,5% todo el rango<\/td>\n<td style=\"text-align: center;\">&plusmn;3% (20% a 90%),<br \/>\n&plusmn;5% (otro rango)<\/td>\n<td style=\"text-align: center;\">&plusmn;3% (20% a 90%),<br \/>\n&plusmn;5% (otro rango)<\/td>\n<td style=\"text-align: center;\">&plusmn;5% todo el rango<\/td>\n<\/tr>\n<tr>\n<td style=\"background: #e2f6ff;\"><strong> Rango temperatura interna <\/strong><\/td>\n<td style=\"text-align: center;\">(-)30\u00b0C a +70\u00b0C<\/td>\n<td style=\"text-align: center;\">(-)30\u00b0C a +60\u00b0C<\/td>\n<td style=\"text-align: center;\">(-)30\u00b0C a +70\u00b0C<\/td>\n<td style=\"text-align: center;\">(-)30\u00b0C a +70\u00b0C<\/td>\n<\/tr>\n<tr>\n<td style=\"background: #e2f6ff;\"><strong> Exactitud \u00b0C <\/strong><\/td>\n<td style=\"text-align: center;\">&plusmn;0.4 todo el rango<\/td>\n<td style=\"text-align: center;\">&plusmn;0.5% (-20 a 40),<br \/>\n&plusmn;10% (otro rango)<\/td>\n<td style=\"text-align: center;\">&plusmn;0.5% (-20 a 40),<br \/>\n&plusmn;10% (otro rango)<\/td>\n<td style=\"text-align: center;\">&plusmn;0.5 todo el rango<\/td>\n<\/tr>\n<tr>\n<td style=\"background: #e2f6ff;\"><strong> Rango temp. sonda externa <\/strong><\/td>\n<td style=\"text-align: center;\"><\/td>\n<td style=\"text-align: center;\">(-)40\u00b0C a +85\u00b0C<\/td>\n<td style=\"text-align: center;\"><\/td>\n<td style=\"text-align: center;\"><\/td>\n<\/tr>\n<tr>\n<td style=\"background: #e2f6ff;\"><strong> Almacenamiento de lecturas <\/strong><\/td>\n<td style=\"text-align: center;\">64.000<\/td>\n<td style=\"text-align: center;\">16.000<\/td>\n<td style=\"text-align: center;\">32.000<\/td>\n<td style=\"text-align: center;\">32.000<\/td>\n<\/tr>\n<tr>\n<td style=\"background: #e2f6ff;\"><strong> Resoluci\u00f3n <\/strong><\/td>\n<td style=\"text-align: center;\">0,1\u00b0C \/ 0,1%HR<\/td>\n<td style=\"text-align: center;\">0,1\u00b0C \/ 0,1%HR<\/td>\n<td style=\"text-align: center;\">0,1\u00b0C \/ 0,1%HR<\/td>\n<td style=\"text-align: center;\">0,1\u00b0C \/ 0,1%HR<\/td>\n<\/tr>\n<td style=\"background: #e2f6ff;\"><strong> Ajuste de temperatura (OFFSET)<br \/>\nCalibrable <\/strong><\/td>\n<td style=\"text-align: center;\"><img loading=\"lazy\" decoding=\"async\" class=\"alignnone wp-image-143605\" style=\"display: inline;\" src=\"https:\/\/elicrom.com\/wp-content\/uploads\/2026\/03\/checkverde-300x200.png\" alt=\"\" width=\"53\" height=\"35\" \/><\/td>\n<td style=\"text-align: center;\"><\/td>\n<td style=\"text-align: center;\"><\/td>\n<td style=\"text-align: center;\"><\/td>\n<\/tr>\n<td style=\"background: #e2f6ff;\"><strong> Ajuste de humedad(OFFSET)<br \/>\nCalibrable <\/strong><\/td>\n<td style=\"text-align: center;\"><img loading=\"lazy\" decoding=\"async\" class=\"alignnone wp-image-143605\" style=\"display: inline;\" src=\"https:\/\/elicrom.com\/wp-content\/uploads\/2026\/03\/checkverde-300x200.png\" alt=\"\" width=\"53\" height=\"35\" \/><\/td>\n<td style=\"text-align: center;\"><\/td>\n<td style=\"text-align: center;\"><\/td>\n<td style=\"text-align: center;\"><\/td>\n<\/tr>\n<tr>\n<td style=\"background: #e2f6ff;\"><strong>Certificaci\u00f3n <\/strong><\/td>\n<td style=\"text-align: center;\"> CE, UKCA, RoHS<\/td>\n<td style=\"text-align: center;\"> FDA EN12830, CE, RoHS<\/td>\n<td style=\"text-align: center;\"> FDA EN12830, CE, RoHS<\/td>\n<td style=\"text-align: center;\"><\/td>\n<\/tr>\n<tr>\n<td style=\"background: #e2f6ff;\"><strong>Cumplimiento <\/strong><\/td>\n<td style=\"text-align: center;\"><\/td>\n<td style=\"text-align: center;\"> CE (EN12830), RoHS,<br \/>\nFDA (21CFR)<\/td>\n<td style=\"text-align: center;\"> CE (EN12830), RoHS,<br \/>\nFDA (21CFR)<\/td>\n<td style=\"text-align: center;\"><\/td>\n<\/tr>\n<tr>\n<td style=\"background: #e2f6ff;\"><strong>Bater\u00eda <\/strong><\/td>\n<td style=\"text-align: center;\"> CR2032<\/td>\n<td style=\"text-align: center;\"> CR2450<\/td>\n<td style=\"text-align: center;\"> ER14250<\/td>\n<td style=\"text-align: center;\"> CR2450<\/td>\n<\/tr>\n<tr>\n<td style=\"background: #e2f6ff;\"><strong>Peso neto <\/strong><\/td>\n<td style=\"text-align: center;\"> 58 g<\/td>\n<td style=\"text-align: center;\"> 35 g<\/td>\n<td style=\"text-align: center;\"> 60 g<\/td>\n<td style=\"text-align: center;\"> 70 g<\/td>\n<\/tr>\n<tr>\n<td style=\"background: #e2f6ff;\"><strong>Tama\u00f1o <\/strong><\/td>\n<td style=\"text-align: center;\"> 38x105x14 mm<\/td>\n<td style=\"text-align: center;\"> 44x84x20 mm<\/td>\n<td style=\"text-align: center;\"> 24x131x7 mm<\/td>\n<td style=\"text-align: center;\"> 7x115x16 mm<\/td>\n<\/tr>\n<tr>\n<td style=\"background: #e2f6ff;\"><strong>Intervalo de registro <\/strong><\/td>\n<td style=\"text-align: center;\"> 10s &#8211; 24 horas<br \/>\nprogramable<\/td>\n<td style=\"text-align: center;\"> 10s &#8211; 24 horas<br \/>\nprogramable<\/td>\n<td style=\"text-align: center;\"> 10s &#8211; 24 horas<br \/>\nprogramable<\/td>\n<td style=\"text-align: center;\"> 10s &#8211; 24 horas<br \/>\nprogramable<\/td>\n<\/tr>\n<tr>\n<td style=\"background: #e2f6ff;\"><strong>Duraci\u00f3n bater\u00eda (15 minutos de<br \/>\nintervalo con condiciones normales) <\/strong><\/td>\n<td style=\"text-align: center;\"> m\u00e1s de 1 a\u00f1o<\/td>\n<td style=\"text-align: center;\"> m\u00e1s de 1 a\u00f1o<\/td>\n<td style=\"text-align: center;\"> 2 a\u00f1os<\/td>\n<td style=\"text-align: center;\"> 2 a\u00f1os<\/td>\n<\/tr>\n<\/tbody>\n<\/table>\n\n\t\t<\/div>\n\t<\/div>\n<\/div><\/div><\/div><\/div><div class=\"vc_row wpb_row vc_row-fluid\"><div class=\"wpb_column vc_column_container vc_col-sm-12\"><div class=\"vc_column-inner\"><div class=\"wpb_wrapper\">\n\t<div class=\"wpb_raw_code wpb_raw_js\" >\n\t\t<div class=\"wpb_wrapper\">\n\t\t\t<script>\njQuery(function($){\n\n    \/\/ abrir men\u00fa principal\n    $('.departments-menu-v2 > .dropdown')\n        .addClass('open')\n        .children('.dropdown-menu')\n        .addClass('show');\n\n    \/\/ CLAVE: eliminar display:none inline\n    $('.departments-menu-v2 .sub-menu').removeAttr('style');\n\n});\n<\/script>\n\t\t<\/div>\n\t<\/div>\n<\/div><\/div><\/div><\/div>\n","protected":false},"excerpt":{"rendered":"TERMOHIGR\u00d3METROS DATALOGGER Termohigr\u00f3metros certificado ISO 17025 Acreditado por el Servicio de Acreditaci\u00f3n Ecuatoriano SAE y por A2LA de los Estados Unidos de Am\u00e9rica, calibrado en los puntos: Humedad Relativa (30","protected":false},"author":3,"featured_media":0,"parent":0,"menu_order":0,"comment_status":"closed","ping_status":"closed","template":"template-page-sidebar-left.php","meta":{"footnotes":""},"class_list":["post-82274","page","type-page","status-publish","hentry"],"_links":{"self":[{"href":"https:\/\/elicromcolombia.com\/index.php?rest_route=\/wp\/v2\/pages\/82274","targetHints":{"allow":["GET"]}}],"collection":[{"href":"https:\/\/elicromcolombia.com\/index.php?rest_route=\/wp\/v2\/pages"}],"about":[{"href":"https:\/\/elicromcolombia.com\/index.php?rest_route=\/wp\/v2\/types\/page"}],"author":[{"embeddable":true,"href":"https:\/\/elicromcolombia.com\/index.php?rest_route=\/wp\/v2\/users\/3"}],"replies":[{"embeddable":true,"href":"https:\/\/elicromcolombia.com\/index.php?rest_route=%2Fwp%2Fv2%2Fcomments&post=82274"}],"version-history":[{"count":6,"href":"https:\/\/elicromcolombia.com\/index.php?rest_route=\/wp\/v2\/pages\/82274\/revisions"}],"predecessor-version":[{"id":82587,"href":"https:\/\/elicromcolombia.com\/index.php?rest_route=\/wp\/v2\/pages\/82274\/revisions\/82587"}],"wp:attachment":[{"href":"https:\/\/elicromcolombia.com\/index.php?rest_route=%2Fwp%2Fv2%2Fmedia&parent=82274"}],"curies":[{"name":"wp","href":"https:\/\/api.w.org\/{rel}","templated":true}]}}