
{"id":82271,"date":"2026-03-12T16:46:38","date_gmt":"2026-03-12T21:46:38","guid":{"rendered":"https:\/\/elicromcolombia.com\/?page_id=82271"},"modified":"2026-03-31T11:26:43","modified_gmt":"2026-03-31T16:26:43","slug":"termohigrometros","status":"publish","type":"page","link":"https:\/\/elicromcolombia.com\/?page_id=82271","title":{"rendered":"Termohigr\u00f3metros"},"content":{"rendered":"<div class=\"vc_row wpb_row vc_row-fluid\"><div class=\"wpb_column vc_column_container vc_col-sm-12\"><div class=\"vc_column-inner\"><div class=\"wpb_wrapper\">\n\t<div class=\"wpb_text_column wpb_content_element \" >\n\t\t<div class=\"wpb_wrapper\">\n\t\t\t<p><strong><span style=\"color: #419fd2; text-align: center; font-size: 32px;\">TEMPERATURA Y HUMEDAD<\/span><\/strong><br \/>\nTermohigr\u00f3metros certificado ISO 17025 Acreditado por el Servicio de Acreditaci\u00f3n Ecuatoriano SAE y por A2LA  de los Estados Unidos de Am\u00e9rica, calibrado en los puntos: Humedad Relativa (30 %hr, 50 %hr y 75 %hr) a una temperatura fija de 23\u00b0C<\/p>\n<table class=\"tabla-catalogo\">\n<tbody>\n<tr>\n<td>\r\n<div class=\"card-catalogo\">\r\n\r\n<a href=\"https:\/\/elicromcolombia.com\/?product=54072\" class=\"producto-nombre\">TH0513<\/a>\r\n\r\n<a href=\"https:\/\/elicromcolombia.com\/?product=54072\" class=\"producto-imagen\">\r\n<img loading=\"lazy\" decoding=\"async\" width=\"300\" height=\"300\" src=\"https:\/\/elicromcolombia.com\/wp-content\/uploads\/2026\/01\/54072-0-300x300.png\" class=\"attachment-medium size-medium wp-post-image\" alt=\"\" srcset=\"https:\/\/elicromcolombia.com\/wp-content\/uploads\/2026\/01\/54072-0-300x300.png 300w, https:\/\/elicromcolombia.com\/wp-content\/uploads\/2026\/01\/54072-0-150x150.png 150w, https:\/\/elicromcolombia.com\/wp-content\/uploads\/2026\/01\/54072-0-768x768.png 768w, https:\/\/elicromcolombia.com\/wp-content\/uploads\/2026\/01\/54072-0-600x600.png 600w, https:\/\/elicromcolombia.com\/wp-content\/uploads\/2026\/01\/54072-0-100x100.png 100w, https:\/\/elicromcolombia.com\/wp-content\/uploads\/2026\/01\/54072-0.png 800w\" sizes=\"auto, (max-width: 300px) 100vw, 300px\" \/>\r\n<\/a>\r\n\r\n<a href=\"https:\/\/elicromcolombia.com\/?product=54072\" class=\"producto-precio\"><span class=\"electro-price\"><span class=\"woocs_price_code\" data-product-id=\"81039\"><span class=\"woocommerce-Price-amount amount\"><bdi><span class=\"woocommerce-Price-currencySymbol\">&#36;<\/span>&nbsp;116,000.00<\/bdi><\/span><\/span><\/span><\/a>\r\n\r\n<a href=\"?add-to-cart=81039\" \r\nclass=\"button add_to_cart_button ajax_add_to_cart\"\r\ndata-product_id=\"81039\"\r\ndata-quantity=\"1\">\r\nA\u00f1adir al carrito\r\n<\/a>\r\n\r\n<\/div>\r\n<\/td>\n<td>\r\n<div class=\"card-catalogo\">\r\n\r\n<a href=\"https:\/\/elicromcolombia.com\/?product=27414\" class=\"producto-nombre\">TH0511<\/a>\r\n\r\n<a href=\"https:\/\/elicromcolombia.com\/?product=27414\" class=\"producto-imagen\">\r\n<img loading=\"lazy\" decoding=\"async\" width=\"300\" height=\"300\" src=\"https:\/\/elicromcolombia.com\/wp-content\/uploads\/2026\/01\/27414-0-300x300.png\" class=\"attachment-medium size-medium wp-post-image\" alt=\"\" srcset=\"https:\/\/elicromcolombia.com\/wp-content\/uploads\/2026\/01\/27414-0-300x300.png 300w, https:\/\/elicromcolombia.com\/wp-content\/uploads\/2026\/01\/27414-0-150x150.png 150w, https:\/\/elicromcolombia.com\/wp-content\/uploads\/2026\/01\/27414-0-768x768.png 768w, https:\/\/elicromcolombia.com\/wp-content\/uploads\/2026\/01\/27414-0-600x600.png 600w, https:\/\/elicromcolombia.com\/wp-content\/uploads\/2026\/01\/27414-0-100x100.png 100w, https:\/\/elicromcolombia.com\/wp-content\/uploads\/2026\/01\/27414-0.png 800w\" sizes=\"auto, (max-width: 300px) 100vw, 300px\" \/>\r\n<\/a>\r\n\r\n<a href=\"https:\/\/elicromcolombia.com\/?product=27414\" class=\"producto-precio\"><span class=\"electro-price\"><span class=\"woocs_price_code\" data-product-id=\"81106\"><span class=\"woocommerce-Price-amount amount\"><bdi><span class=\"woocommerce-Price-currencySymbol\">&#36;<\/span>&nbsp;133,000.00<\/bdi><\/span><\/span><\/span><\/a>\r\n\r\n<a href=\"?add-to-cart=81106\" \r\nclass=\"button add_to_cart_button ajax_add_to_cart\"\r\ndata-product_id=\"81106\"\r\ndata-quantity=\"1\">\r\nA\u00f1adir al carrito\r\n<\/a>\r\n\r\n<\/div>\r\n<\/td>\n<td>\r\n<div class=\"card-catalogo\">\r\n\r\n<a href=\"https:\/\/elicromcolombia.com\/?product=54498\" class=\"producto-nombre\">TP50<\/a>\r\n\r\n<a href=\"https:\/\/elicromcolombia.com\/?product=54498\" class=\"producto-imagen\">\r\n<img loading=\"lazy\" decoding=\"async\" width=\"300\" height=\"300\" src=\"https:\/\/elicromcolombia.com\/wp-content\/uploads\/2026\/01\/54498-0-300x300.png\" class=\"attachment-medium size-medium wp-post-image\" alt=\"\" srcset=\"https:\/\/elicromcolombia.com\/wp-content\/uploads\/2026\/01\/54498-0-300x300.png 300w, https:\/\/elicromcolombia.com\/wp-content\/uploads\/2026\/01\/54498-0-150x150.png 150w, https:\/\/elicromcolombia.com\/wp-content\/uploads\/2026\/01\/54498-0-768x768.png 768w, https:\/\/elicromcolombia.com\/wp-content\/uploads\/2026\/01\/54498-0-600x600.png 600w, https:\/\/elicromcolombia.com\/wp-content\/uploads\/2026\/01\/54498-0-100x100.png 100w, https:\/\/elicromcolombia.com\/wp-content\/uploads\/2026\/01\/54498-0.png 800w\" sizes=\"auto, (max-width: 300px) 100vw, 300px\" \/>\r\n<\/a>\r\n\r\n<a href=\"https:\/\/elicromcolombia.com\/?product=54498\" class=\"producto-precio\"><span class=\"electro-price\"><span class=\"woocs_price_code\" data-product-id=\"81045\"><span class=\"woocommerce-Price-amount amount\"><bdi><span class=\"woocommerce-Price-currencySymbol\">&#36;<\/span>&nbsp;138,000.00<\/bdi><\/span><\/span><\/span><\/a>\r\n\r\n<a href=\"?add-to-cart=81045\" \r\nclass=\"button add_to_cart_button ajax_add_to_cart\"\r\ndata-product_id=\"81045\"\r\ndata-quantity=\"1\">\r\nA\u00f1adir al carrito\r\n<\/a>\r\n\r\n<\/div>\r\n<\/td>\n<td>\r\n<div class=\"card-catalogo\">\r\n\r\n<a href=\"https:\/\/elicromcolombia.com\/?product=12475\" class=\"producto-nombre\">TH0510<\/a>\r\n\r\n<a href=\"https:\/\/elicromcolombia.com\/?product=12475\" class=\"producto-imagen\">\r\n<img loading=\"lazy\" decoding=\"async\" width=\"300\" height=\"300\" src=\"https:\/\/elicromcolombia.com\/wp-content\/uploads\/2026\/01\/12475-0-300x300.jpeg\" class=\"attachment-medium size-medium wp-post-image\" alt=\"\" srcset=\"https:\/\/elicromcolombia.com\/wp-content\/uploads\/2026\/01\/12475-0-300x300.jpeg 300w, https:\/\/elicromcolombia.com\/wp-content\/uploads\/2026\/01\/12475-0-150x150.jpeg 150w, https:\/\/elicromcolombia.com\/wp-content\/uploads\/2026\/01\/12475-0-768x768.jpeg 768w, https:\/\/elicromcolombia.com\/wp-content\/uploads\/2026\/01\/12475-0-600x600.jpeg 600w, https:\/\/elicromcolombia.com\/wp-content\/uploads\/2026\/01\/12475-0-100x100.jpeg 100w, https:\/\/elicromcolombia.com\/wp-content\/uploads\/2026\/01\/12475-0.jpeg 800w\" sizes=\"auto, (max-width: 300px) 100vw, 300px\" \/>\r\n<\/a>\r\n\r\n<a href=\"https:\/\/elicromcolombia.com\/?product=12475\" class=\"producto-precio\"><span class=\"electro-price\"><span class=\"woocs_price_code\" data-product-id=\"81047\"><span class=\"woocommerce-Price-amount amount\"><bdi><span class=\"woocommerce-Price-currencySymbol\">&#36;<\/span>&nbsp;166,000.00<\/bdi><\/span><\/span><\/span><\/a>\r\n\r\n<a href=\"?add-to-cart=81047\" \r\nclass=\"button add_to_cart_button ajax_add_to_cart\"\r\ndata-product_id=\"81047\"\r\ndata-quantity=\"1\">\r\nA\u00f1adir al carrito\r\n<\/a>\r\n\r\n<\/div>\r\n<\/td>\n<td>\r\n<div class=\"card-catalogo\">\r\n\r\n<a href=\"https:\/\/elicromcolombia.com\/?product=59347\" class=\"producto-nombre\">TP350<\/a>\r\n\r\n<a href=\"https:\/\/elicromcolombia.com\/?product=59347\" class=\"producto-imagen\">\r\n<img loading=\"lazy\" decoding=\"async\" width=\"300\" height=\"300\" src=\"https:\/\/elicromcolombia.com\/wp-content\/uploads\/2026\/01\/59347-0-300x300.png\" class=\"attachment-medium size-medium wp-post-image\" alt=\"\" srcset=\"https:\/\/elicromcolombia.com\/wp-content\/uploads\/2026\/01\/59347-0-300x300.png 300w, https:\/\/elicromcolombia.com\/wp-content\/uploads\/2026\/01\/59347-0-150x150.png 150w, https:\/\/elicromcolombia.com\/wp-content\/uploads\/2026\/01\/59347-0-768x768.png 768w, https:\/\/elicromcolombia.com\/wp-content\/uploads\/2026\/01\/59347-0-600x600.png 600w, https:\/\/elicromcolombia.com\/wp-content\/uploads\/2026\/01\/59347-0-100x100.png 100w, https:\/\/elicromcolombia.com\/wp-content\/uploads\/2026\/01\/59347-0.png 800w\" sizes=\"auto, (max-width: 300px) 100vw, 300px\" \/>\r\n<\/a>\r\n\r\n<a href=\"https:\/\/elicromcolombia.com\/?product=59347\" class=\"producto-precio\"><span class=\"electro-price\"><span class=\"woocs_price_code\" data-product-id=\"78463\"><span class=\"woocommerce-Price-amount amount\"><bdi><span class=\"woocommerce-Price-currencySymbol\">&#36;<\/span>&nbsp;166,000.00<\/bdi><\/span><\/span><\/span><\/a>\r\n\r\n<a href=\"?add-to-cart=78463\" \r\nclass=\"button add_to_cart_button ajax_add_to_cart\"\r\ndata-product_id=\"78463\"\r\ndata-quantity=\"1\">\r\nA\u00f1adir al carrito\r\n<\/a>\r\n\r\n<\/div>\r\n<\/td>\n<\/tr>\n<\/tbody>\n<\/table>\n<table style=\"width: 100%;\" border=\"1\">\n<tbody>\n<tr style=\"background: #419fd2;\">\n<th><\/th>\n<th style=\"text-align: center;\"><strong><span style=\"color: #ffffff; text-align: center; font-size: 18px;\">TH0513<\/span><\/strong><\/th>\n<th style=\"text-align: center;\"><strong><span style=\"color: #ffffff; text-align: center; font-size: 18px;\">TH0511<\/span><\/strong><\/th>\n<th style=\"text-align: center;\"><strong><span style=\"color: #ffffff; text-align: center; font-size: 18px;\">TP50<br \/>\n<span style=\"font-size: 10px; text-align: center;\">Uso profesional &#8211; Alta precisi\u00f3n<\/span><\/span><\/strong><\/th>\n<th style=\"text-align: center;\"><strong><span style=\"color: #ffffff; text-align: center; font-size: 18px;\">TH0510<br \/>\n<span style=\"font-size: 10px; text-align: center;\">Robusto, garant\u00eda 2 a\u00f1os<\/span><\/span><\/strong><\/th>\n<th style=\"text-align: center;\"><strong><span style=\"color: #ffffff; text-align: center; font-size: 18px;\">TP350<br \/>\n<span style=\"font-size: 10px; text-align: center;\">Uso profesional &#8211; Bluetooth<\/span><\/span><\/strong><\/th>\n<\/tr>\n<tr>\n<td style=\"background: #e2f6ff;\"><strong>PVP equipo<\/strong><\/td>\n<td style=\"text-align: center;color:#0f0f91\"><strong><a href=\"https:\/\/elicromcolombia.com\/?product=54072\"><u><span class=\"electro-price\"><span class=\"woocs_price_code\" data-product-id=\"81039\"><span class=\"woocommerce-Price-amount amount\"><bdi><span class=\"woocommerce-Price-currencySymbol\">&#36;<\/span>&nbsp;116,000.00<\/bdi><\/span><\/span><\/span><\/u><\/a><\/strong><\/td>\n<td style=\"text-align: center;color:#0f0f91\"><strong><a href=\"https:\/\/elicromcolombia.com\/?product=27414\"><u><span class=\"electro-price\"><span class=\"woocs_price_code\" data-product-id=\"81106\"><span class=\"woocommerce-Price-amount amount\"><bdi><span class=\"woocommerce-Price-currencySymbol\">&#36;<\/span>&nbsp;133,000.00<\/bdi><\/span><\/span><\/span><\/u><\/a><\/strong><\/td>\n<td style=\"text-align: center;color:#0f0f91\"><strong><a href=\"https:\/\/elicromcolombia.com\/?product=54498\"><u><span class=\"electro-price\"><span class=\"woocs_price_code\" data-product-id=\"81045\"><span class=\"woocommerce-Price-amount amount\"><bdi><span class=\"woocommerce-Price-currencySymbol\">&#36;<\/span>&nbsp;138,000.00<\/bdi><\/span><\/span><\/span><\/u><\/a><\/strong><\/td>\n<td style=\"text-align: center;color:#0f0f91\"><strong><a href=\"https:\/\/elicromcolombia.com\/?product=12475\"><u><span class=\"electro-price\"><span class=\"woocs_price_code\" data-product-id=\"81047\"><span class=\"woocommerce-Price-amount amount\"><bdi><span class=\"woocommerce-Price-currencySymbol\">&#36;<\/span>&nbsp;166,000.00<\/bdi><\/span><\/span><\/span><\/u><\/a><\/strong><\/td>\n<td style=\"text-align: center;color:#0f0f91\"><strong><a href=\"https:\/\/elicromcolombia.com\/?product=59347\"><u><span class=\"electro-price\"><span class=\"woocs_price_code\" data-product-id=\"78463\"><span class=\"woocommerce-Price-amount amount\"><bdi><span class=\"woocommerce-Price-currencySymbol\">&#36;<\/span>&nbsp;166,000.00<\/bdi><\/span><\/span><\/span><\/u><\/a><\/strong><\/td>\n<\/tr>\n<tr>\n<td style=\"background: #e2f6ff;\"><strong>Rango Humedad<\/strong><\/td>\n<td style=\"text-align: center;\">10%RH~90%RH<\/td>\n<td style=\"text-align: center;\">20%RH~90%RH<\/td>\n<td style=\"text-align: center;\">10%RH~99%RH<\/td>\n<td style=\"text-align: center;\">20%RH~99%RH<\/td>\n<td style=\"text-align: center;\">10%RH~99%RH<\/td>\n<\/tr>\n<tr>\n<td style=\"background: #e2f6ff;\"><strong>Garant\u00eda Calibrado ISO 17025<\/strong><\/td>\n<td style=\"text-align: center;\">DE POR VIDA<br \/>\n<span style=\"font-size: 10px; text-align: center;\">(recalibrando cada 12 meses)<\/span><\/td>\n<td style=\"text-align: center;\">DE POR VIDA<br \/>\n<span style=\"font-size: 10px; text-align: center;\">(recalibrando cada 12 meses)<\/span><\/td>\n<td style=\"text-align: center;\">DE POR VIDA<br \/>\n<span style=\"font-size: 10px; text-align: center;\">(recalibrando cada 12 meses)<\/span><\/td>\n<td style=\"text-align: center;\">DE POR VIDA<br \/>\n<span style=\"font-size: 10px; text-align: center;\">(recalibrando cada 24 meses)<\/span><\/td>\n<td style=\"text-align: center;\">DE POR VIDA<br \/>\n<span style=\"font-size: 10px; text-align: center;\">(recalibrando cada 12 meses)<\/span><\/td>\n<\/tr>\n<tr>\n<td style=\"background: #e2f6ff;\"><strong>Rango temperatura interna<\/strong><\/td>\n<td style=\"text-align: center;\">-20\u00b0C a +50\u00b0C<\/td>\n<td style=\"text-align: center;\">-10\u00b0C a +50\u00b0C<\/td>\n<td style=\"text-align: center;\">-50\u00b0C a +70\u00b0C<\/td>\n<td style=\"text-align: center;\">0\u00b0C a +50\u00b0C<\/td>\n<td style=\"text-align: center;\">-20\u00b0C a +60\u00b0C<\/td>\n<\/tr>\n<tr>\n<td style=\"background: #e2f6ff;\"><strong> Rango temp. sonda externa <\/strong><\/td>\n<td style=\"text-align: center;\"><\/td>\n<td style=\"text-align: center;\">-50\u00b0C a +70\u00b0C<\/td>\n<td style=\"text-align: center;\"><\/td>\n<td style=\"text-align: center;\">-50\u00b0C a +70\u00b0C<\/td>\n<td style=\"text-align: center;\"><\/td>\n<\/tr>\n<tr>\n<td style=\"background: #e2f6ff;\"><strong> Resoluci\u00f3n <\/strong><\/td>\n<td style=\"text-align: center;\">0,1\u00b0C \/ 0,1%HR<\/td>\n<td style=\"text-align: center;\">0,1\u00b0C \/ 0,1%HR<\/td>\n<td style=\"text-align: center;\">0,1\u00b0C \/ 0,1%HR<\/td>\n<td style=\"text-align: center;\">0,1\u00b0C \/ 0,1%HR<\/td>\n<td style=\"text-align: center;\">0,1\u00b0C \/ 0,1%HR<\/td>\n<\/tr>\n<tr>\n<td style=\"background: #e2f6ff;\"><strong> Precisi\u00f3n <\/strong><\/td>\n<td style=\"text-align: center;\">(+\/-)2\u00b0C \/ (+\/-)8%HR<\/td>\n<td style=\"text-align: center;\">(+\/-)1\u00b0C \/ (+\/-)5%HR<\/td>\n<td style=\"text-align: center;\">(+\/-)1\u00b0C \/ (+\/-)3%HR<\/td>\n<td style=\"text-align: center;\">(+\/-)1\u00b0C \/ (+\/-)5%HR<\/td>\n<td style=\"text-align: center;\">(+\/-)0,4\u00b0C \/ (+\/-)2%HR<\/td>\n<\/tr>\n<tr>\n<td style=\"background: #e2f6ff;\"><strong> Sonda externa <\/strong><\/td>\n<td style=\"text-align: center;\"><\/td>\n<td style=\"text-align: center;\"><img loading=\"lazy\" decoding=\"async\" class=\"alignnone wp-image-143605\" style=\"display: inline;\" src=\"https:\/\/elicrom.com\/wp-content\/uploads\/2026\/03\/checkverde-300x200.png\" alt=\"\" width=\"53\" height=\"35\" \/><\/td>\n<td style=\"text-align: center;\"><\/td>\n<td style=\"text-align: center;\"><img loading=\"lazy\" decoding=\"async\" class=\"alignnone wp-image-143605\" style=\"display: inline;\" src=\"https:\/\/elicrom.com\/wp-content\/uploads\/2026\/03\/checkverde-300x200.png\" alt=\"\" width=\"53\" height=\"35\" \/><\/td>\n<td style=\"text-align: center;\"><\/td>\n<\/tr>\n<tr>\n<td style=\"background: #e2f6ff;\"><strong> Reloj incorporado <\/strong><\/td>\n<td style=\"text-align: center;\"><\/td>\n<td style=\"text-align: center;\"><img loading=\"lazy\" decoding=\"async\" class=\"alignnone wp-image-143605\" style=\"display: inline;\" src=\"https:\/\/elicrom.com\/wp-content\/uploads\/2026\/03\/checkverde-300x200.png\" alt=\"\" width=\"53\" height=\"35\" \/><\/td>\n<td style=\"text-align: center;\"><\/td>\n<td style=\"text-align: center;\"><\/td>\n<td style=\"text-align: center;\"><\/td>\n<\/tr>\n<tr>\n<td style=\"background: #e2f6ff;\"><strong> Tama\u00f1o <\/strong><\/td>\n<td style=\"text-align: center;\">100,3&#215;110,4mm<\/td>\n<td style=\"text-align: center;\">97,9x109mm<\/td>\n<td style=\"text-align: center;\">66x79mm<\/td>\n<td style=\"text-align: center;\">100,2&#215;104,4mm<\/td>\n<td style=\"text-align: center;\">66x79mm<\/td>\n<\/tr>\n<tr>\n<td style=\"background: #e2f6ff;\"><strong> Bluetooth<\/strong><\/td>\n<td style=\"text-align: center;\"><\/td>\n<td style=\"text-align: center;\"><\/td>\n<td style=\"text-align: center;\"><\/td>\n<td style=\"text-align: center;\"><\/td>\n<td style=\"text-align: center;\"><img loading=\"lazy\" decoding=\"async\" class=\"alignnone wp-image-143605\" style=\"display: inline;\" src=\"https:\/\/elicrom.com\/wp-content\/uploads\/2026\/03\/checkverde-300x200.png\" alt=\"\" width=\"53\" height=\"35\" \/><br \/>\nhasta 80mts<\/td>\n<\/tr>\n<\/tbody>\n<\/table>\n\n\t\t<\/div>\n\t<\/div>\n<\/div><\/div><\/div><\/div><div class=\"vc_row wpb_row vc_row-fluid\"><div class=\"wpb_column vc_column_container vc_col-sm-12\"><div class=\"vc_column-inner\"><div class=\"wpb_wrapper\">\n\t<div class=\"wpb_raw_code wpb_raw_js\" >\n\t\t<div class=\"wpb_wrapper\">\n\t\t\t<script>\njQuery(function($){\n\n    \/\/ abrir men\u00fa principal\n    $('.departments-menu-v2 > .dropdown')\n        .addClass('open')\n        .children('.dropdown-menu')\n        .addClass('show');\n\n    \/\/ CLAVE: eliminar display:none inline\n    $('.departments-menu-v2 .sub-menu').removeAttr('style');\n\n});\n<\/script>\n\t\t<\/div>\n\t<\/div>\n<\/div><\/div><\/div><\/div>\n","protected":false},"excerpt":{"rendered":"TEMPERATURA Y HUMEDAD Termohigr\u00f3metros certificado ISO 17025 Acreditado por el Servicio de Acreditaci\u00f3n Ecuatoriano SAE y por A2LA de los Estados Unidos de Am\u00e9rica, calibrado en los puntos: Humedad Relativa","protected":false},"author":3,"featured_media":0,"parent":0,"menu_order":0,"comment_status":"closed","ping_status":"closed","template":"template-page-sidebar-left.php","meta":{"footnotes":""},"class_list":["post-82271","page","type-page","status-publish","hentry"],"_links":{"self":[{"href":"https:\/\/elicromcolombia.com\/index.php?rest_route=\/wp\/v2\/pages\/82271","targetHints":{"allow":["GET"]}}],"collection":[{"href":"https:\/\/elicromcolombia.com\/index.php?rest_route=\/wp\/v2\/pages"}],"about":[{"href":"https:\/\/elicromcolombia.com\/index.php?rest_route=\/wp\/v2\/types\/page"}],"author":[{"embeddable":true,"href":"https:\/\/elicromcolombia.com\/index.php?rest_route=\/wp\/v2\/users\/3"}],"replies":[{"embeddable":true,"href":"https:\/\/elicromcolombia.com\/index.php?rest_route=%2Fwp%2Fv2%2Fcomments&post=82271"}],"version-history":[{"count":7,"href":"https:\/\/elicromcolombia.com\/index.php?rest_route=\/wp\/v2\/pages\/82271\/revisions"}],"predecessor-version":[{"id":82586,"href":"https:\/\/elicromcolombia.com\/index.php?rest_route=\/wp\/v2\/pages\/82271\/revisions\/82586"}],"wp:attachment":[{"href":"https:\/\/elicromcolombia.com\/index.php?rest_route=%2Fwp%2Fv2%2Fmedia&parent=82271"}],"curies":[{"name":"wp","href":"https:\/\/api.w.org\/{rel}","templated":true}]}}