
{"id":3854,"date":"2016-02-16T11:41:47","date_gmt":"2016-02-16T11:41:47","guid":{"rendered":"https:\/\/demo2.chethemes.com\/electro\/my-account\/"},"modified":"2020-10-28T11:34:57","modified_gmt":"2020-10-28T16:34:57","slug":"my-account","status":"publish","type":"page","link":"https:\/\/elicromcolombia.com\/?page_id=3854","title":{"rendered":"Mi Cuenta"},"content":{"rendered":"<div class=\"woocommerce\">\t\t<div class=\"customer-login-form\">\n\t\t<span class=\"or-text\">or<\/span><div class=\"woocommerce-notices-wrapper\"><\/div>\n\n<div class=\"u-columns col2-set\" id=\"customer_login\">\n\n\t<div class=\"u-column1 col-1\">\n\n\n\t\t<h2>Acceder<\/h2>\n\n\t\t<form class=\"woocommerce-form woocommerce-form-login login\" method=\"post\" novalidate>\n\n\t\t\t\t\t<p class=\"before-login-text\">\n\t\t\tBienvenido! Inicie sesi\u00f3n en su cuenta.\t\t<\/p>\n\t\t\t<p class=\"woocommerce-form-row woocommerce-form-row--wide form-row form-row-wide\">\n\t\t\t\t<label for=\"username\">Nombre de usuario o correo electr\u00f3nico&nbsp;<span class=\"required\" aria-hidden=\"true\">*<\/span><span class=\"screen-reader-text\">Obligatorio<\/span><\/label>\n\t\t\t\t<input type=\"text\" class=\"woocommerce-Input woocommerce-Input--text input-text\" name=\"username\" id=\"username\" autocomplete=\"username\" value=\"\" required aria-required=\"true\" \/>\t\t\t<\/p>\n\t\t\t<p class=\"woocommerce-form-row woocommerce-form-row--wide form-row form-row-wide\">\n\t\t\t\t<label for=\"password\">Contrase\u00f1a&nbsp;<span class=\"required\" aria-hidden=\"true\">*<\/span><span class=\"screen-reader-text\">Obligatorio<\/span><\/label>\n\t\t\t\t<input class=\"woocommerce-Input woocommerce-Input--text input-text\" type=\"password\" name=\"password\" id=\"password\" autocomplete=\"current-password\" required aria-required=\"true\" \/>\n\t\t\t<\/p>\n\n\t\t\t\t\t<div class=\"g-recaptcha\" data-sitekey=\"6Lf6LKAsAAAAAFvdWQKGTeKXR_EaY62LPG11HZn9\"><\/div>\r\n\t\t<br\/>\r\n\t\t\n\t\t\t<p class=\"form-row\">\n\t\t\t\t<label class=\"woocommerce-form__label woocommerce-form__label-for-checkbox woocommerce-form-login__rememberme\">\n\t\t\t\t\t<input class=\"woocommerce-form__input woocommerce-form__input-checkbox\" name=\"rememberme\" type=\"checkbox\" id=\"rememberme\" value=\"forever\" \/> <span>Recu\u00e9rdame<\/span>\n\t\t\t\t<\/label>\n\t\t\t\t<input type=\"hidden\" id=\"woocommerce-login-nonce\" name=\"woocommerce-login-nonce\" value=\"ca2333c0ed\" \/><input type=\"hidden\" name=\"_wp_http_referer\" value=\"\/index.php?rest_route=%2Fwp%2Fv2%2Fpages%2F3854\" \/>\t\t\t\t<button type=\"submit\" class=\"woocommerce-button button woocommerce-form-login__submit\" name=\"login\" value=\"Acceder\">Acceder<\/button>\n\t\t\t<\/p>\n\t\t\t<p class=\"woocommerce-LostPassword lost_password\">\n\t\t\t\t<a href=\"https:\/\/elicromcolombia.com\/?page_id=3854&#038;lost-password\">\u00bfOlvidaste la contrase\u00f1a?<\/a>\n\t\t\t<\/p>\n\n\t\t\t\n\t\t<\/form>\n\n\n\t<\/div>\n\n\t<div class=\"u-column2 col-2\">\n\n\t\t<h2>Registrarse<\/h2>\n\n\t\t<form method=\"post\" class=\"woocommerce-form woocommerce-form-register register\"  >\n\n\t\t\t<p class=\"before-register-text\">\n\t\t\tCree una nueva cuenta hoy para obtener una experiencia de compra personalizada.\t\t<\/p>\n\t\t\t\n\t\t\t<p class=\"woocommerce-form-row woocommerce-form-row--wide form-row form-row-wide\">\n\t\t\t\t<label for=\"reg_email\">Direcci\u00f3n de correo electr\u00f3nico&nbsp;<span class=\"required\" aria-hidden=\"true\">*<\/span><span class=\"screen-reader-text\">Obligatorio<\/span><\/label>\n\t\t\t\t<input type=\"email\" class=\"woocommerce-Input woocommerce-Input--text input-text\" name=\"email\" id=\"reg_email\" autocomplete=\"email\" value=\"\" required aria-required=\"true\" \/>\t\t\t<\/p>\n\n\t\t\t\n\t\t\t\t<p>A link to set a new password will be sent to your email address.<\/p>\n\n\t\t\t\n\t\t\t\t\t<div class=\"g-recaptcha\" data-sitekey=\"6Lf6LKAsAAAAAFvdWQKGTeKXR_EaY62LPG11HZn9\"><\/div>\r\n\t\t<br\/>\r\n\t\t<wc-order-attribution-inputs><\/wc-order-attribution-inputs><div class=\"woocommerce-privacy-policy-text\"><p>Sus datos personales se utilizar\u00e1n para respaldar su experiencia en este sitio web, para administrar el acceso a su cuenta y para otros fines descritos en nuestra <a href=\"https:\/\/elicromcolombia.com\/?page_id=3\" class=\"woocommerce-privacy-policy-link\" target=\"_blank\">pol\u00edtica de privacidad<\/a>.<\/p>\n<\/div>\n\t\t\t<p class=\"woocommerce-form-row form-row\">\n\t\t\t\t<input type=\"hidden\" id=\"woocommerce-register-nonce\" name=\"woocommerce-register-nonce\" value=\"705d358d83\" \/><input type=\"hidden\" name=\"_wp_http_referer\" value=\"\/index.php?rest_route=%2Fwp%2Fv2%2Fpages%2F3854\" \/>\t\t\t\t<button type=\"submit\" class=\"woocommerce-Button woocommerce-button button woocommerce-form-register__submit\" name=\"register\" value=\"Registrarse\">Registrarse<\/button>\n\t\t\t<\/p>\n\n\t\t\t<div class=\"register-benefits\">\n\t\t\t<h3> Reg\u00edstrese hoy y podr\u00e1:<\/h3>\t\t\t<ul>\n\t\t\t\t\t\t\t\t<li>Acelerar su proceso de pago<\/li>\n\t\t\t\t\t\t\t\t<li>Rastrear sus pedidos f\u00e1cilmente<\/li>\n\t\t\t\t\t\t\t\t<li>Mantener un registro de todas sus compras<\/li>\n\t\t\t\t\t\t\t<\/ul>\n\t\t<\/div>\n\t\t<\/form>\n\n\t<\/div>\n\n<\/div>\n\n\t\t<\/div><!-- \/.customer-login-form -->\n\t\t<\/div>\n","protected":false},"excerpt":{"rendered":"or Acceder Bienvenido! Inicie sesi\u00f3n en su cuenta. Nombre de usuario o correo electr\u00f3nico&nbsp;*Obligatorio Contrase\u00f1a&nbsp;*Obligatorio Recu\u00e9rdame Acceder \u00bfOlvidaste la contrase\u00f1a? Registrarse Cree una nueva cuenta hoy para obtener una experiencia","protected":false},"author":1,"featured_media":0,"parent":0,"menu_order":0,"comment_status":"closed","ping_status":"closed","template":"","meta":{"footnotes":""},"class_list":["post-3854","page","type-page","status-publish","hentry"],"_links":{"self":[{"href":"https:\/\/elicromcolombia.com\/index.php?rest_route=\/wp\/v2\/pages\/3854","targetHints":{"allow":["GET"]}}],"collection":[{"href":"https:\/\/elicromcolombia.com\/index.php?rest_route=\/wp\/v2\/pages"}],"about":[{"href":"https:\/\/elicromcolombia.com\/index.php?rest_route=\/wp\/v2\/types\/page"}],"author":[{"embeddable":true,"href":"https:\/\/elicromcolombia.com\/index.php?rest_route=\/wp\/v2\/users\/1"}],"replies":[{"embeddable":true,"href":"https:\/\/elicromcolombia.com\/index.php?rest_route=%2Fwp%2Fv2%2Fcomments&post=3854"}],"version-history":[{"count":1,"href":"https:\/\/elicromcolombia.com\/index.php?rest_route=\/wp\/v2\/pages\/3854\/revisions"}],"predecessor-version":[{"id":5718,"href":"https:\/\/elicromcolombia.com\/index.php?rest_route=\/wp\/v2\/pages\/3854\/revisions\/5718"}],"wp:attachment":[{"href":"https:\/\/elicromcolombia.com\/index.php?rest_route=%2Fwp%2Fv2%2Fmedia&parent=3854"}],"curies":[{"name":"wp","href":"https:\/\/api.w.org\/{rel}","templated":true}]}}