
{"id":3,"date":"2020-07-23T14:26:48","date_gmt":"2020-07-23T14:26:48","guid":{"rendered":"https:\/\/producto.elicrom.com\/?page_id=3"},"modified":"2021-12-03T08:17:20","modified_gmt":"2021-12-03T13:17:20","slug":"privacy-policy","status":"publish","type":"page","link":"https:\/\/elicromcolombia.com\/?page_id=3","title":{"rendered":"Pol\u00edtica de Privacidad"},"content":{"rendered":"<p style=\"text-align: justify\">Esta secci\u00f3n indica la manera en que ser\u00e1n utilizados y protegidos los datos de los usuarios por parte de ELICROM CIA. LTDA, al momento que el cliente realice el registro de sus datos en este sitio web, est\u00e1 aceptando autom\u00e1ticamente las condiciones de uso, protecci\u00f3n y seguridad que se mencionan a continuaci\u00f3n.<\/p>\n<p style=\"text-align: justify\">Nos reservamos el derecho de efectuar en cualquier momento modificaciones o actualizaciones al presente aviso de privacidad para la atenci\u00f3n de novedades legislativas, pol\u00edticas internas o nuevos requerimientos para la prestaci\u00f3n u ofrecimiento de nuestros productos o servicios.<\/p>\n<ol style=\"text-align: justify\">\n<li><strong> Protecci\u00f3n y Seguridad en el Manejo de Datos Personales<\/strong><\/li>\n<\/ol>\n<p style=\"text-align: justify\">Es una prioridad para ELICROM, la seguridad de los datos personales del cliente, para su verificaci\u00f3n podr\u00e1 encontrar junto al costado izquierdo de la URL un candado cerrado que indica que est\u00e1 protegido por un servidor seguro.<\/p>\n<p style=\"text-align: justify\">En este sitio web de compras podr\u00e1 verificar que se encuentra presente el certificado de seguridad \u00abCertificado SSL est\u00e1ndar\u00bb.<\/p>\n<ol style=\"text-align: justify\" start=\"2\">\n<li><strong> Privacidad<\/strong><\/li>\n<\/ol>\n<p style=\"text-align: justify\">Para ELICROM, es importante el manejo adecuado de toda la informaci\u00f3n que nos sea proporcionada la cual ser\u00e1 tratada con cuidado, respeto y manteniendo su integridad.<\/p>\n<ol style=\"text-align: left\" start=\"3\">\n<li><strong> Informaci\u00f3n Obtenida<\/strong><\/li>\n<\/ol>\n<p style=\"text-align: justify\">Para los usuarios que desean registrarse es necesario crear un usuario, clave y proveer algunos datos personales, adem\u00e1s de aceptar los t\u00e9rminos, condiciones y pol\u00edticas de privacidad.<\/p>\n<p style=\"text-align: justify\">Nuestro sitio web podr\u00e1 recoger informaci\u00f3n como por ejemplo: Nombre completo, informaci\u00f3n de contacto como su direcci\u00f3n de correo electr\u00f3nica e informaci\u00f3n demogr\u00e1fica, raz\u00f3n social, identificaci\u00f3n, tel\u00e9fono u otros datos personales. As\u00ed mismo cuando sea necesario podr\u00e1 ser requerida informaci\u00f3n espec\u00edfica para procesar alg\u00fan pedido o realizar una entrega, cotizaci\u00f3n o facturaci\u00f3n.<\/p>\n<ol style=\"text-align: justify\" start=\"4\">\n<li><strong> Clave Secreta<\/strong><\/li>\n<\/ol>\n<p style=\"text-align: justify\">El usuario una vez registrado elegir\u00e1, un nombre y contrase\u00f1a o clave que le permitir\u00e1 el acceso personalizado, confidencial y seguro. El usuario tendr\u00e1 la posibilidad de cambiar la clave de acceso cuando lo crea conveniente y siguiendo los pasos que establece el sitio.<\/p>\n<p style=\"text-align: justify\">El usuario asume totalmente la responsabilidad por el mantenimiento de la confidencialidad de su clave secreta registrada en este sitio web, la cual le permite efectuar compras, dicha clave deber\u00e1 ser de uso personal. La entrega a terceros de la clave no involucra ning\u00fan tipo de responsabilidad para ELICROM en casos de mal uso.<\/p>\n<ol style=\"text-align: justify\" start=\"5\">\n<li><strong> Uso informaci\u00f3n cliente.<\/strong><\/li>\n<\/ol>\n<p style=\"text-align: justify\">ELICROM CIA. LTDA., utilizar\u00e1 la informaci\u00f3n del cliente para:<\/p>\n<p style=\"text-align: justify\">El prop\u00f3sito espec\u00edfico para el cual se suministr\u00f3; es decir, compras en el sitio web, adem\u00e1s el determinar h\u00e1bitos, gustos y preferencias propias de nuestro mercado.<\/p>\n<p style=\"text-align: justify\">El cliente cuando registre sus datos, estar\u00e1 autorizando autom\u00e1ticamente a ELICROM CIA. LTDA., \u00a0el uso de sus datos personales de conformidad con la pol\u00edtica de privacidad de este sitio WEB.<\/p>\n<p style=\"text-align: justify\">Los usuarios que se registren recibir\u00e1n autom\u00e1ticamente mediante correo electr\u00f3nico todas las promociones y ofertas de ELICROM CIA. LTDA.<\/p>\n<p style=\"text-align: justify\">En caso de que el usuario tenga motivos para creer que sus datos han sido puestos en conocimiento de un tercero, o si estos han sido utilizados de manera no autorizada, o son susceptibles de serlo, deber\u00e1 comunicarse de forma inmediata a servicio al cliente. En todo momento, el usuario podr\u00e1 revocar el consentimiento que nos ha otorgado para el tratamiento de sus datos personales, a fin de que dejemos de hacer uso de los mismos. S\u00f3lo tiene que solicitarlo a trav\u00e9s de los siguientes canales:<\/p>\n<p style=\"text-align: justify\">L\u00ednea de Atenci\u00f3n al cliente (+593) 4228-2007<\/p>\n<p style=\"text-align: justify\">Horario de Atenci\u00f3n<\/p>\n<p style=\"text-align: justify\">Lunes a Viernes de 09h00 a 18h00 \u00f3 al correo electr\u00f3nico: <a href=\"mailto:ventas@elicrom.com\">ventas@elicrom.com<\/a><\/p>\n<ol style=\"text-align: justify\" start=\"6\">\n<li><strong> Cookies<\/strong><\/li>\n<\/ol>\n<p style=\"text-align: justify\">Nuestro sitio web emplea las cookies para poder identificar las p\u00e1ginas que son visitadas y su frecuencia. Esta informaci\u00f3n es empleada \u00fanicamente para an\u00e1lisis estad\u00edstico y despu\u00e9s la informaci\u00f3n se elimina de forma permanente. Usted puede eliminar las cookies en cualquier momento desde su ordenador. Sin embargo las cookies ayudan a proporcionar un mejor servicio de los sitios web, est\u00e1s no dan acceso a informaci\u00f3n de su ordenador ni de usted, a menos de que usted as\u00ed lo quiera y la proporcione directamente, Usted puede aceptar o negar el uso de cookies, sin embargo la mayor\u00eda de navegadores aceptan cookies autom\u00e1ticamente pues sirve para tener un mejor servicio web. Tambi\u00e9n usted puede cambiar la configuraci\u00f3n de su ordenador para declinar las cookies. Si se declinan es posible que no pueda utilizar algunos de nuestros servicios.<\/p>\n<ol style=\"text-align: justify\" start=\"7\">\n<li><strong> Recomendaciones generales sobre la protecci\u00f3n de tu privacidad<\/strong><\/li>\n<\/ol>\n<p style=\"text-align: justify\">Una vez que se desee abandonar nuestro sitio web, termine sesi\u00f3n y cierre la ventana del navegador, de modo que terceras personas no puedan acceder a sus datos personales, especialmente cuando se encuentre utilizando computadores p\u00fablicos o compartidos. ELICROM CIA. LTDA., no ser\u00e1 responsable si se omiten estas recomendaciones, ni por cualquier da\u00f1o causado por negligencia del usuario.<\/p>\n<ol style=\"text-align: justify\" start=\"8\">\n<li><strong> Atenci\u00f3n al Cliente<\/strong><\/li>\n<\/ol>\n<p style=\"text-align: justify\">Para consultas, sugerencias o reclamos, comunicarse a trav\u00e9s de las respectivas secciones de mensajer\u00eda de nuestra p\u00e1gina web o al correo electr\u00f3nico: <a href=\"mailto:ventas@elicrom.com\">ventas@elicrom.com<\/a><\/p>\n","protected":false},"excerpt":{"rendered":"<p>Esta secci\u00f3n indica la manera en que ser\u00e1n utilizados y protegidos los datos de los usuarios por parte de ELICROM CIA. LTDA, al momento que el cliente realice el registro<\/p>\n","protected":false},"author":1,"featured_media":0,"parent":0,"menu_order":0,"comment_status":"closed","ping_status":"open","template":"","meta":{"footnotes":""},"class_list":["post-3","page","type-page","status-publish","hentry"],"_links":{"self":[{"href":"https:\/\/elicromcolombia.com\/index.php?rest_route=\/wp\/v2\/pages\/3","targetHints":{"allow":["GET"]}}],"collection":[{"href":"https:\/\/elicromcolombia.com\/index.php?rest_route=\/wp\/v2\/pages"}],"about":[{"href":"https:\/\/elicromcolombia.com\/index.php?rest_route=\/wp\/v2\/types\/page"}],"author":[{"embeddable":true,"href":"https:\/\/elicromcolombia.com\/index.php?rest_route=\/wp\/v2\/users\/1"}],"replies":[{"embeddable":true,"href":"https:\/\/elicromcolombia.com\/index.php?rest_route=%2Fwp%2Fv2%2Fcomments&post=3"}],"version-history":[{"count":3,"href":"https:\/\/elicromcolombia.com\/index.php?rest_route=\/wp\/v2\/pages\/3\/revisions"}],"predecessor-version":[{"id":59718,"href":"https:\/\/elicromcolombia.com\/index.php?rest_route=\/wp\/v2\/pages\/3\/revisions\/59718"}],"wp:attachment":[{"href":"https:\/\/elicromcolombia.com\/index.php?rest_route=%2Fwp%2Fv2%2Fmedia&parent=3"}],"curies":[{"name":"wp","href":"https:\/\/api.w.org\/{rel}","templated":true}]}}