
{"id":2183,"date":"2020-10-28T08:28:22","date_gmt":"2020-10-28T13:28:22","guid":{"rendered":"https:\/\/demo2.chethemes.com\/electro\/?page_id=2183"},"modified":"2021-06-22T15:51:26","modified_gmt":"2021-06-22T20:51:26","slug":"terms-and-conditions","status":"publish","type":"page","link":"https:\/\/elicromcolombia.com\/?page_id=2183","title":{"rendered":"T\u00e9rminos y Condiciones"},"content":{"rendered":"<p style=\"text-align: justify\">El acceso y uso de este sitio web se rige bajo los t\u00e9rminos descritos a continuaci\u00f3n.<\/p>\n<p style=\"text-align: justify\">Todas las compras que se realicen en este sitio web solo aplican al territorio de la Rep\u00fablica del Ecuador y se rigen por los t\u00e9rminos y condiciones descritos en este documento, as\u00ed como por la legislaci\u00f3n aplicable en la Rep\u00fablica del Ecuador. Por consecuencia, estos t\u00e9rminos y condiciones son de car\u00e1cter vinculante y, por esta raz\u00f3n, los usuarios que no deseen aceptarlos deber\u00e1n abstenerse de utilizar este sitio web, ya que el uso implica la aceptaci\u00f3n incondicional de los t\u00e9rminos y condiciones.<\/p>\n<p style=\"text-align: justify\">El uso de este sitio web est\u00e1 disponible solo para personas que tengan capacidad legal para contratar, por ese motivo, los servicios de este sitio web no deber\u00e1n ser utilizados por menores de edad.<\/p>\n<p style=\"text-align: justify\">Las compras que se lleven a cabo por medio de este sitio web, est\u00e1n sujetas a un proceso de confirmaci\u00f3n y verificaci\u00f3n, el cual podr\u00eda incluir la verificaci\u00f3n del stock y disponibilidad de producto, validaci\u00f3n de la forma de pago y el cumplimiento de las condiciones requeridas por el medio de pago seleccionado, hasta en algunos casos se puede requerir una verificaci\u00f3n por medio de correo electr\u00f3nico.<\/p>\n<p style=\"text-align: justify\">Los productos ofertados en este sitio web, se encuentran descritos a trav\u00e9s de fotograf\u00edas, representaciones gr\u00e1ficas, iconogr\u00e1ficas, v\u00eddeos, nombres comerciales, marcas o signos distintivos de cualquier clase, y tienen una funci\u00f3n meramente informativa y referencial, las cuales pueden diferir de su apreciaci\u00f3n original.\u00a0 ELICROM CIA. LTDA. no ofrece garant\u00eda en cuanto a la exactitud, puntualidad, rendimiento, integridad o adecuaci\u00f3n de la informaci\u00f3n y de los materiales encontrados u ofrecidos en este sitio para cualquier prop\u00f3sito en particular. Usted reconoce que dicha informaci\u00f3n y materiales pueden contener inexactitudes o errores y expreso excluimos la responsabilidad por cualquier inexactitud o errores en la m\u00e1xima medida permitida por la ley.<\/p>\n<p style=\"text-align: justify\">Los usuarios del sitio web son los responsables directos de la selecci\u00f3n, uso y destino que den a los productos elegidos y adquiridos, motivo por lo cual de forma expresa a trav\u00e9s eximen de cualquier responsabilidad a ELICROM CIA. LTDA., emitiendo esta aceptaci\u00f3n en los t\u00e9rminos de la Ley de Comercio Electr\u00f3nico, Firmas Electr\u00f3nicas y Mensajes de Datos (Registro Oficial 557-S, 17-IV-2002).<\/p>\n<p style=\"text-align: justify\">Este sitio web contiene material de nuestra propiedad o licenciado por nosotros. Este material incluye, pero no se limita a, el dise\u00f1o, la presentaci\u00f3n, la apariencia y los gr\u00e1ficos. La reproducci\u00f3n est\u00e1 prohibida salvo de conformidad con la nota de copyright, que forma parte de estos t\u00e9rminos y condiciones.<\/p>\n<p style=\"text-align: justify\">Los precios de los servicios se expresan en D\u00f3lares Americanos ($), incluyendo los impuestos y los gastos de gesti\u00f3n y env\u00edo, cuyo importe se indicar\u00e1 en el momento de la confirmaci\u00f3n definitiva de cada pedido.<\/p>\n<p style=\"text-align: justify\">El buen uso de c\u00f3digos de descuento por parte de los usuarios ser\u00e1 conforme a las instrucciones espec\u00edficas a cada c\u00f3digo, y en todo caso los usuarios s\u00f3lo podr\u00e1n utilizar un \u00fanico c\u00f3digo por pedido.<\/p>\n<p style=\"text-align: justify\">El uso de c\u00f3digos de descuentos no ser\u00e1 compatible con determinadas acciones promocionales y colecciones.<\/p>\n<p style=\"text-align: justify\">Este sitio web puede contener enlaces a otros sitios que pudieran ser de su inter\u00e9s. Una vez que usted de clic en estos enlaces y abandone nuestra p\u00e1gina, ya no tenemos control sobre al sitio al que es redirigido y por lo tanto no somos responsables de los t\u00e9rminos o privacidad ni de la protecci\u00f3n de sus datos en esos otros sitios terceros. Dichos sitios est\u00e1n sujetos a sus propias pol\u00edticas de privacidad por lo cual es recomendable que los consulte para confirmar que usted est\u00e1 de acuerdo con estas.<\/p>\n<p style=\"text-align: justify\">Se entender\u00e1 que los usuarios dan su consentimiento, libre, expreso y voluntario respecto de los t\u00e9rminos y condiciones expresados anteriormente, mediante la aceptaci\u00f3n de los mismos a trav\u00e9s de los medios establecidos en este sitio web.<\/p>\n","protected":false},"excerpt":{"rendered":"<p>El acceso y uso de este sitio web se rige bajo los t\u00e9rminos descritos a continuaci\u00f3n. Todas las compras que se realicen en este sitio web solo aplican al territorio<\/p>\n","protected":false},"author":1,"featured_media":0,"parent":0,"menu_order":0,"comment_status":"closed","ping_status":"closed","template":"","meta":{"footnotes":""},"class_list":["post-2183","page","type-page","status-publish","hentry"],"_links":{"self":[{"href":"https:\/\/elicromcolombia.com\/index.php?rest_route=\/wp\/v2\/pages\/2183","targetHints":{"allow":["GET"]}}],"collection":[{"href":"https:\/\/elicromcolombia.com\/index.php?rest_route=\/wp\/v2\/pages"}],"about":[{"href":"https:\/\/elicromcolombia.com\/index.php?rest_route=\/wp\/v2\/types\/page"}],"author":[{"embeddable":true,"href":"https:\/\/elicromcolombia.com\/index.php?rest_route=\/wp\/v2\/users\/1"}],"replies":[{"embeddable":true,"href":"https:\/\/elicromcolombia.com\/index.php?rest_route=%2Fwp%2Fv2%2Fcomments&post=2183"}],"version-history":[{"count":3,"href":"https:\/\/elicromcolombia.com\/index.php?rest_route=\/wp\/v2\/pages\/2183\/revisions"}],"predecessor-version":[{"id":23426,"href":"https:\/\/elicromcolombia.com\/index.php?rest_route=\/wp\/v2\/pages\/2183\/revisions\/23426"}],"wp:attachment":[{"href":"https:\/\/elicromcolombia.com\/index.php?rest_route=%2Fwp%2Fv2%2Fmedia&parent=2183"}],"curies":[{"name":"wp","href":"https:\/\/api.w.org\/{rel}","templated":true}]}}